{"id":17546,"date":"2017-09-20T16:49:46","date_gmt":"2017-09-20T16:49:46","guid":{"rendered":"https:\/\/www.ambifuego.net\/xtempx\/web17\/producto\/elektrischer-rauchabzug-fur-kamine-mit-geschlossene-verbrennung\/"},"modified":"2021-12-22T12:58:03","modified_gmt":"2021-12-22T11:58:03","slug":"powervent-rauchabzug-geschlossene-verbrennung","status":"publish","type":"product","link":"https:\/\/www.ambifuego.net\/de\/producto\/powervent-rauchabzug-geschlossene-verbrennung\/","title":{"rendered":"PowerVent System Rauchabzug"},"content":{"rendered":"<p>Elektrischer Rauchabzug.<\/p>\n<p>PowerVent\u00ae ist ein <a href=\"https:\/\/www.drufire.com\/de-de\/uber-dru\/innovationen\/powervent%C2%AE\">motorisiertes Abluftsystem<\/a>. Es erm\u00f6glicht allen Hausbesitzern, ihre individuellen Visionen zu realisieren, wenn sie sich f\u00fcr einen Gaskamin entscheiden. Jetzt ist es m\u00f6glich, einen spektakul\u00e4ren modernen Kamin mit realistischem Flammenbild dort zu genie\u00dfen, wo Sie es w\u00fcnschen.<\/p>\n<p>Es erm\u00f6glicht die \u00dcberbr\u00fcckung gro\u00dfer Abst\u00e4nde, Kurven oder sogar die F\u00fchrung des Abluftsystems durch Kriechkeller oder die Unterkellerung. Dadurch haben Sie bei der Aufstellung eines Gaskamins die freie Standortwahl.\u00a0Das beinhaltet auch Aufstellungsm\u00f6glichkeiten bei Trennw\u00e4nden, architektonischen Besonderheiten, Dachgeschossen, Kellergeschossen, Anbauten, Hochh\u00e4usern, Hotels, Restaurants und noch viel mehr.<\/p>\n<p>Das Geheimnis liegt in der Powerbox, die au\u00dfen am Geb\u00e4ude oder direkt unter dem Dach an den Abluftkanal angeschlossen wird. Eine Steuereinheit misst die Druckdifferenz im Abluftkanal und vergleicht sie mit dem voreingestellten empfohlenen Druckdifferenz, um einen optimal brennenden Gaskamin zu gew\u00e4hrleisten. Die Steuereinheit wird an die Powerbox angeschlossen und aktiviert n\u00f6tigenfalls einen Ventilator, um den Luftfluss im Abluftkanal in Gang zu halten. Dieser ganze Prozess l\u00e4uft komplett automatisch.\u00a0Praktisch stellt dieses System sicher, dass sich immer ausreichend Luft im Abluftkanal befindet, um eine konstante Verbrennung zu erm\u00f6glichen.<\/p>\n","protected":false},"excerpt":{"rendered":"<ul>\n<li><span id=\"result_box\" class=\"\" lang=\"de\">PowerVent System Rauchabzug\u00a0 f\u00fcr Gaskamine mit geschlossener Verbrennung<\/span><\/li>\n<li>Ideale L\u00f6sung wo es nicht m\u00f6glich ist einen Kamin aufzustellen, damit k\u00f6nnen Sie nun beinahe \u00fcberall einen Kamin austellen<\/li>\n<li>Kan\u00e4le mit geringem durchmesser<\/li>\n<li>Abfuhr\u00a0 bis 20 Metern in alle Richtungen m\u00f6glich<\/li>\n<li>Aufstellung ;Horizontal, Vertikal, Kurven\u00a0 oder durch den Keller<\/li>\n<li><a href=\"https:\/\/www.ambifuego.net\/wp-content\/uploads\/2021\/07\/power-vent.mp4\">*Video<\/a><\/li>\n<\/ul>\n","protected":false},"featured_media":45790,"template":"","meta":[],"product_brand":[],"product_cat":[352],"product_tag":[],"class_list":{"0":"post-17546","1":"product","2":"type-product","3":"status-publish","4":"has-post-thumbnail","6":"product_cat-gas-kamine-oefen-heizkoerper","8":"first","9":"instock","10":"shipping-taxable","11":"product-type-simple"},"_links":{"self":[{"href":"https:\/\/www.ambifuego.net\/de\/wp-json\/wp\/v2\/product\/17546","targetHints":{"allow":["GET"]}}],"collection":[{"href":"https:\/\/www.ambifuego.net\/de\/wp-json\/wp\/v2\/product"}],"about":[{"href":"https:\/\/www.ambifuego.net\/de\/wp-json\/wp\/v2\/types\/product"}],"version-history":[{"count":0,"href":"https:\/\/www.ambifuego.net\/de\/wp-json\/wp\/v2\/product\/17546\/revisions"}],"wp:featuredmedia":[{"embeddable":true,"href":"https:\/\/www.ambifuego.net\/de\/wp-json\/wp\/v2\/media\/45790"}],"wp:attachment":[{"href":"https:\/\/www.ambifuego.net\/de\/wp-json\/wp\/v2\/media?parent=17546"}],"wp:term":[{"taxonomy":"product_brand","embeddable":true,"href":"https:\/\/www.ambifuego.net\/de\/wp-json\/wp\/v2\/product_brand?post=17546"},{"taxonomy":"product_cat","embeddable":true,"href":"https:\/\/www.ambifuego.net\/de\/wp-json\/wp\/v2\/product_cat?post=17546"},{"taxonomy":"product_tag","embeddable":true,"href":"https:\/\/www.ambifuego.net\/de\/wp-json\/wp\/v2\/product_tag?post=17546"}],"curies":[{"name":"wp","href":"https:\/\/api.w.org\/{rel}","templated":true}]}}