{"id":17544,"date":"2017-09-20T16:03:56","date_gmt":"2017-09-20T16:03:56","guid":{"rendered":"https:\/\/www.ambifuego.net\/xtempx\/web17\/producto\/geschlossener-einbau-gaskamin-mit-zwei-sichtfenstern\/"},"modified":"2025-07-29T17:01:27","modified_gmt":"2025-07-29T15:01:27","slug":"2-sichtfenstern-raumteiler","status":"publish","type":"product","link":"https:\/\/www.ambifuego.net\/de\/producto\/2-sichtfenstern-raumteiler\/","title":{"rendered":"2 Seiten Sichtfenster &#8211; Tunnel"},"content":{"rendered":"<p>&nbsp;<\/p>\n<p style=\"text-align: justify;\"><span style=\"font-family: verdana, geneva, sans-serif;\">2-Seiten Sichtfenster &#8211; Tunnel Gaskamin. Ein Tunnelkamin besitz zwei gegen\u00fcberliegende Scheiben, sodass Sie das gem\u00fctlich flackernde Feuer von zwei Seiten betrachten k\u00f6nnen. Die Feuerstelle trennt unterschiedliche Raumbereiche voneinander ab und wirkt al aussergew\u00f6hnlicher Einrichtungselement besonder elegant als Raumteiler.\u00a0 Sch\u00f6ne Flammenbilder des Feuer auf zwei Seiten zu geniessen.<\/span><\/p>\n<p><img fetchpriority=\"high\" decoding=\"async\" class=\"alignnone size-full wp-image-48291\" src=\"https:\/\/www.ambifuego.net\/wp-content\/uploads\/2017\/09\/tunel-plano_optimized.jpg\" alt=\"\" width=\"644\" height=\"320\" srcset=\"https:\/\/www.ambifuego.net\/wp-content\/uploads\/2017\/09\/tunel-plano_optimized.jpg 644w, https:\/\/www.ambifuego.net\/wp-content\/uploads\/2017\/09\/tunel-plano_optimized-480x239.jpg 480w\" sizes=\"(max-width: 644px) 100vw, 644px\" \/><\/p>\n<p>Medidas en mil\u00edmetros<\/p>\n<table style=\"height: 756px; width: 856px;\">\n<tbody>\n<tr style=\"height: 49px;\">\n<td style=\"width: 80.1px; height: 49px;\">\u00a0\u00a0\u00a0<strong>Tunnel<\/strong><\/td>\n<td style=\"width: 60.1125px; height: 49px;\">\u00a0 \u00a0 \u00a0<strong>A<\/strong><\/td>\n<td style=\"width: 61.175px; height: 49px;\">\u00a0 \u00a0\u00a0<strong>B<\/strong><\/td>\n<td style=\"width: 59.075px; height: 49px;\">\u00a0 \u00a0\u00a0<strong>C<\/strong><\/td>\n<td style=\"width: 65.3875px; height: 49px;\">\u00a0 \u00a0 \u00a0<strong>D<\/strong><\/td>\n<td style=\"width: 68.5375px; height: 49px;\">\u00a0 \u00a0 \u00a0<strong>E<\/strong><\/td>\n<td style=\"width: 88.5125px; height: 49px;\">\u00a0 \u00a0 \u00a0<strong>\u00a0\u00d8<\/strong><\/td>\n<td style=\"width: 63.275px; height: 49px;\">\u00a0 \u00a0 \u00a0<strong>%<\/strong><\/td>\n<td style=\"width: 64.325px; height: 49px;\">\u00a0\u00a0<strong>Prop<\/strong><\/td>\n<td style=\"width: 74.8375px; height: 49px;\">\u00a0 \u00a0\u00a0<strong>Nat<\/strong><\/td>\n<td style=\"width: 105.463px; height: 49px;\">\u00a0<strong>Quemador<\/strong><\/td>\n<\/tr>\n<tr style=\"height: 49px;\">\n<td style=\"width: 80.1px; height: 49px;\">\u00a0 \u00a0 \u00a080 AM<\/td>\n<td style=\"width: 60.1125px; height: 49px;\">\u00a0 \u00a0800<\/td>\n<td style=\"width: 61.175px; height: 49px;\">\u00a0 \u00a0330<\/td>\n<td style=\"width: 59.075px; height: 49px;\">\u00a0 \u00a0820<\/td>\n<td style=\"width: 65.3875px; height: 49px;\">\u00a0 \u00a0986<\/td>\n<td style=\"width: 68.5375px; height: 49px;\">\u00a0 \u00a0434<\/td>\n<td style=\"width: 88.5125px; height: 49px;\">\u00a0 \u00a0100\/150<\/td>\n<td style=\"width: 63.275px; height: 49px;\">\u00a0 \u00a0 88<\/td>\n<td style=\"width: 64.325px; height: 49px;\">\u00a0 \u00a0 5,7<\/td>\n<td style=\"width: 74.8375px; height: 49px;\">\u00a0 \u00a0 \u00a05,4<\/td>\n<td style=\"width: 105.463px; height: 49px;\">\u00a0 Zig Zag<\/td>\n<\/tr>\n<tr style=\"height: 49px;\">\n<td style=\"width: 80.1px; height: 49px;\"><span style=\"font-size: 14pt; color: #ff0000;\">\u2217<\/span>\u00a0100 ED<\/td>\n<td style=\"width: 60.1125px; height: 49px;\">\u00a0 1000<\/td>\n<td style=\"width: 61.175px; height: 49px;\">\u00a0 \u00a0415<\/td>\n<td style=\"width: 59.075px; height: 49px;\">\u00a0 \u00a0818<\/td>\n<td style=\"width: 65.3875px; height: 49px;\">\u00a0 1247<\/td>\n<td style=\"width: 68.5375px; height: 49px;\">\u00a0 \u00a0419<\/td>\n<td style=\"width: 88.5125px; height: 49px;\">\u00a0 \u00a0130\/200<\/td>\n<td style=\"width: 63.275px; height: 49px;\">\u00a0 \u00a0 83<\/td>\n<td style=\"width: 64.325px; height: 49px;\">\u00a0 \u00a0 9,1<\/td>\n<td style=\"width: 74.8375px; height: 49px;\">\u00a0 \u00a0 \u00a09,6<\/td>\n<td style=\"width: 105.463px; height: 49px;\">\u00a0 Zig Zag<\/td>\n<\/tr>\n<tr style=\"height: 49px;\">\n<td style=\"width: 80.1px; height: 49px;\">\u00a0 \u00a0130 ED<\/td>\n<td style=\"width: 60.1125px; height: 49px;\">\u00a0 1304<\/td>\n<td style=\"width: 61.175px; height: 49px;\">\u00a0 \u00a0415<\/td>\n<td style=\"width: 59.075px; height: 49px;\">\u00a0 \u00a0856<\/td>\n<td style=\"width: 65.3875px; height: 49px;\">\u00a0 1520<\/td>\n<td style=\"width: 68.5375px; height: 49px;\">\u00a0 \u00a0476<\/td>\n<td style=\"width: 88.5125px; height: 49px;\">\u00a0 \u00a0130\/200<\/td>\n<td style=\"width: 63.275px; height: 49px;\">\u00a0 \u00a0 89<\/td>\n<td style=\"width: 64.325px; height: 49px;\">\u00a0 \u00a010,6<\/td>\n<td style=\"width: 74.8375px; height: 49px;\">\u00a0 \u00a0 10,8<\/td>\n<td style=\"width: 105.463px; height: 49px;\">\u00a0 Zig Zag<\/td>\n<\/tr>\n<tr style=\"height: 49px;\">\n<td style=\"width: 80.1px; height: 49px;\">\u00a0 \u00a0150 ED<\/td>\n<td style=\"width: 60.1125px; height: 49px;\">\u00a0 1492<\/td>\n<td style=\"width: 61.175px; height: 49px;\">\u00a0 \u00a0415<\/td>\n<td style=\"width: 59.075px; height: 49px;\">\u00a0 \u00a0938<\/td>\n<td style=\"width: 65.3875px; height: 49px;\">\u00a0 1708<\/td>\n<td style=\"width: 68.5375px; height: 49px;\">\u00a0 \u00a0475<\/td>\n<td style=\"width: 88.5125px; height: 49px;\">\u00a0 \u00a0130\/200<\/td>\n<td style=\"width: 63.275px; height: 49px;\">\u00a0 \u00a0 87<\/td>\n<td style=\"width: 64.325px; height: 49px;\">\u00a0 \u00a011,1<\/td>\n<td style=\"width: 74.8375px; height: 49px;\">\u00a0 \u00a0 10,8<\/td>\n<td style=\"width: 105.463px; height: 49px;\">\u00a0 Zig Zag<\/td>\n<\/tr>\n<tr style=\"height: 10px;\">\n<td style=\"width: 80.1px; height: 10px;\">\u00a0 \u00a0200 ED<\/td>\n<td style=\"width: 60.1125px; height: 10px;\">\u00a0 1900<\/td>\n<td style=\"width: 61.175px; height: 10px;\">\u00a0 \u00a0430<\/td>\n<td style=\"width: 59.075px; height: 10px;\">\u00a0 1026<\/td>\n<td style=\"width: 65.3875px; height: 10px;\">\u00a0 2215<\/td>\n<td style=\"width: 68.5375px; height: 10px;\">\u00a0 \u00a0467<\/td>\n<td style=\"width: 88.5125px; height: 10px;\">\u00a0 \u00a0130\/200<\/td>\n<td style=\"width: 63.275px; height: 10px;\">\u00a0 \u00a0 90<\/td>\n<td style=\"width: 64.325px; height: 10px;\">15,4\u00a0\u00a0<span style=\"font-size: 8pt;\"><span style=\"color: #ff0000;\">con\u00a0<\/span>\u00a0\u00a0 \u00a0<span style=\"color: #ff0000;\">extractor<\/span><\/span><\/td>\n<td style=\"width: 74.8375px; height: 10px;\">\u00a0 \u00a0 16,7<\/td>\n<td style=\"width: 105.463px; height: 10px;\">\u00a0 Zig Zag<\/td>\n<\/tr>\n<tr style=\"height: 49px;\">\n<td style=\"width: 80.1px; height: 49px;\">\u00a0 \u00a0200 AM<\/td>\n<td style=\"width: 60.1125px; height: 49px;\">\u00a0 1963<\/td>\n<td style=\"width: 61.175px; height: 49px;\">\u00a0 \u00a0450<\/td>\n<td style=\"width: 59.075px; height: 49px;\">\u00a0 \u00a0903<\/td>\n<td style=\"width: 65.3875px; height: 49px;\">\u00a0 2135<\/td>\n<td style=\"width: 68.5375px; height: 49px;\">\u00a0 \u00a0372<\/td>\n<td style=\"width: 88.5125px; height: 49px;\">\u00a0 130\/200<\/td>\n<td style=\"width: 63.275px; height: 49px;\">\u00a0 \u00a0 89<\/td>\n<td style=\"width: 64.325px; height: 49px;\">\u00a0 \u00a019,0<\/td>\n<td style=\"width: 74.8375px; height: 49px;\">\u00a0 \u00a0 18,2<\/td>\n<td style=\"width: 105.463px; height: 49px;\">\u00a0 \u00a0 \u00a0 3QL<\/td>\n<\/tr>\n<tr style=\"height: 49px;\">\n<td style=\"width: 80.1px; height: 49px;\">\u00a0 \u00a0240 EE<\/td>\n<td style=\"width: 60.1125px; height: 49px;\">\u00a0 2370<\/td>\n<td style=\"width: 61.175px; height: 49px;\">\u00a0 \u00a0375<\/td>\n<td style=\"width: 59.075px; height: 49px;\">\u00a01086<\/td>\n<td style=\"width: 65.3875px; height: 49px;\">\u00a0 2656<\/td>\n<td style=\"width: 68.5375px; height: 49px;\">\u00a0 \u00a0417<\/td>\n<td style=\"width: 88.5125px; height: 49px;\">\u00a0 \u00a0130\/200<\/td>\n<td style=\"width: 63.275px; height: 49px;\">\u00a0 \u00a0 89<\/td>\n<td style=\"width: 64.325px; height: 49px;\">\u00a0 \u00a019,0<\/td>\n<td style=\"width: 74.8375px; height: 49px;\">\u00a0 \u00a0 17,6<\/td>\n<td style=\"width: 105.463px; height: 49px;\">\u00a0 \u00a0 \u00a0 \u00a03QL<\/td>\n<\/tr>\n<tr style=\"height: 49px;\">\n<td style=\"width: 80.1px; height: 49px;\">Vertical 75 MD<\/td>\n<td style=\"width: 60.1125px; height: 49px;\">\u00a0 \u00a0750<\/td>\n<td style=\"width: 61.175px; height: 49px;\">\u00a01300<\/td>\n<td style=\"width: 59.075px; height: 49px;\">\u00a01769<\/td>\n<td style=\"width: 65.3875px; height: 49px;\">\u00a0 \u00a0 981<\/td>\n<td style=\"width: 68.5375px; height: 49px;\">\u00a0 \u00a0478<\/td>\n<td style=\"width: 88.5125px; height: 49px;\">\u00a0 \u00a0130\/200<\/td>\n<td style=\"width: 63.275px; height: 49px;\">\u00a0 \u00a0 92<\/td>\n<td style=\"width: 64.325px; height: 49px;\">\u00a0 \u00a010,0<\/td>\n<td style=\"width: 74.8375px; height: 49px;\">\u00a0 \u00a0 10,2<\/td>\n<td style=\"width: 105.463px; height: 49px;\">\u00a0\u00a0<span style=\"font-size: 8pt;\">Dynamic Burner<\/span><\/td>\n<\/tr>\n<tr style=\"height: 49px;\">\n<td style=\"width: 80.1px; height: 49px;\">\u00a0 \u00a0 75\u00a0 MD<\/td>\n<td style=\"width: 60.1125px; height: 49px;\">\u00a0 \u00a0750<\/td>\n<td style=\"width: 61.175px; height: 49px;\">\u00a0 \u00a0660<\/td>\n<td style=\"width: 59.075px; height: 49px;\">\u00a0 1130<\/td>\n<td style=\"width: 65.3875px; height: 49px;\">\u00a0 \u00a0 981<\/td>\n<td style=\"width: 68.5375px; height: 49px;\">\u00a0 \u00a0478<\/td>\n<td style=\"width: 88.5125px; height: 49px;\">\u00a0 \u00a0130\/200<\/td>\n<td style=\"width: 63.275px; height: 49px;\">\u00a0 \u00a0 93<\/td>\n<td style=\"width: 64.325px; height: 49px;\">\u00a0 \u00a0 \u00a09,5<\/td>\n<td style=\"width: 74.8375px; height: 49px;\">\u00a0 \u00a0 \u00a0 9,1<\/td>\n<td style=\"width: 105.463px; height: 49px;\">\u00a0\u00a0<span style=\"font-size: 8pt;\">Dynamic Burner<\/span><\/td>\n<\/tr>\n<tr style=\"height: 49px;\">\n<td style=\"width: 80.1px; height: 49px;\">\u00a0 \u00a0130 AM<\/td>\n<td style=\"width: 60.1125px; height: 49px;\">\u00a0 \u00a01300<\/td>\n<td style=\"width: 61.175px; height: 49px;\">\u00a0 700<\/td>\n<td style=\"width: 59.075px; height: 49px;\">\u00a0 1082<\/td>\n<td style=\"width: 65.3875px; height: 49px;\">\u00a0 1496<\/td>\n<td style=\"width: 68.5375px; height: 49px;\">\u00a0 \u00a0442<\/td>\n<td style=\"width: 88.5125px; height: 49px;\">\u00a0 \u00a0130\/200<\/td>\n<td style=\"width: 63.275px; height: 49px;\">\u00a0 \u00a0 92<\/td>\n<td style=\"width: 64.325px; height: 49px;\">\u00a0 \u00a0 13,3<\/td>\n<td style=\"width: 74.8375px; height: 49px;\">\u00a0 \u00a0 \u00a012,9<\/td>\n<td style=\"width: 105.463px; height: 49px;\">\u00a0 \u00a0 5QV Leds<\/td>\n<\/tr>\n<tr style=\"height: 50px;\">\n<td style=\"width: 80.1px; height: 50px;\"><span style=\"font-size: 10pt;\">\u00a0\u00a0<span style=\"font-size: 12pt;\">\u00a0 180 XL<\/span><\/span><\/td>\n<td style=\"width: 60.1125px; height: 50px;\">\u00a01774<\/td>\n<td style=\"width: 61.175px; height: 50px;\">\u00a0 792<\/td>\n<td style=\"width: 59.075px; height: 50px;\">\u00a0 1307<\/td>\n<td style=\"width: 65.3875px; height: 50px;\">\u00a0 1988<\/td>\n<td style=\"width: 68.5375px; height: 50px;\">\u00a0 \u00a0709<\/td>\n<td style=\"width: 88.5125px; height: 50px;\">\u00a0 \u00a0 130\/200<\/td>\n<td style=\"width: 63.275px; height: 50px;\">\u00a0 \u00a0 \u00a089<\/td>\n<td style=\"width: 64.325px; height: 50px;\">\u00a0 \u00a0 &#8212;&#8211;<\/td>\n<td style=\"width: 74.8375px; height: 50px;\">\u00a0 \u00a0 \u00a016,3<\/td>\n<td style=\"width: 105.463px; height: 50px;\">\u00a0 \u00a0 \u00a0 \u00a0 \u00a07 Q<\/td>\n<\/tr>\n<\/tbody>\n<\/table>\n<p><span style=\"color: #ff0000;\">Modelo 200 ED a gas propano s\u00f3lo puede instalarse con extractor de humos<\/span><\/p>\n<p>Medidas en mil\u00edmetros<\/p>\n","protected":false},"excerpt":{"rendered":"<ul>\n<li>Tunnel Gaskamin &#8211; 2 Seiten-Sichtfenster<\/li>\n<li>Erdgas &#8211; Propan<\/li>\n<li>Geschlossener Einbau-Gaskamin<span id=\"result_box\" class=\"\" lang=\"de\"><br \/>\n<\/span><\/li>\n<li><span id=\"result_box\" class=\"\" lang=\"de\"><a href=\"https:\/\/www.drufire.com\/de-de\/wichtige-informationen\/allgemein\/die-verschiedenen-arten-von-kaminen-und-ofen\/gaskamine-mit-geschlossener-verbrennung\"><span class=\"\">Geschlossener Verbrennung<\/span><\/a><br \/>\n<\/span><\/li>\n<li><span id=\"result_box\" class=\"\" lang=\"de\"><span class=\"\">Fernbedienung<\/span><br \/>\n<\/span><\/li>\n<li><span id=\"result_box\" class=\"\" lang=\"de\"><span class=\"\">Keramik Holzimitat Dekor &#8211;\u00a0 Steine<\/span><\/span><\/li>\n<li><span id=\"result_box\" class=\"\" lang=\"de\"><span class=\"\">Fernbedienung<\/span><\/span><\/li>\n<li>Verschiedene Brenner &#8211;<\/li>\n<li>*Weitere Infos &#8211; <a href=\"https:\/\/www.ambifuego.net\/wp-content\/uploads\/2022\/05\/DRU-ALEMAN.22_compressed.pdf\">Katalog<\/a> &#8211; <a href=\"https:\/\/www.ambifuego.net\/wp-content\/uploads\/2017\/09\/TUNEL.mp4\">Video<\/a> &#8211;<\/li>\n<\/ul>\n","protected":false},"featured_media":43504,"template":"","meta":[],"product_brand":[],"product_cat":[555],"product_tag":[],"class_list":{"0":"post-17544","1":"product","2":"type-product","3":"status-publish","4":"has-post-thumbnail","6":"product_cat-2-sischtfenster-raumteilers","8":"first","9":"instock","10":"shipping-taxable","11":"product-type-simple"},"_links":{"self":[{"href":"https:\/\/www.ambifuego.net\/de\/wp-json\/wp\/v2\/product\/17544","targetHints":{"allow":["GET"]}}],"collection":[{"href":"https:\/\/www.ambifuego.net\/de\/wp-json\/wp\/v2\/product"}],"about":[{"href":"https:\/\/www.ambifuego.net\/de\/wp-json\/wp\/v2\/types\/product"}],"version-history":[{"count":0,"href":"https:\/\/www.ambifuego.net\/de\/wp-json\/wp\/v2\/product\/17544\/revisions"}],"wp:featuredmedia":[{"embeddable":true,"href":"https:\/\/www.ambifuego.net\/de\/wp-json\/wp\/v2\/media\/43504"}],"wp:attachment":[{"href":"https:\/\/www.ambifuego.net\/de\/wp-json\/wp\/v2\/media?parent=17544"}],"wp:term":[{"taxonomy":"product_brand","embeddable":true,"href":"https:\/\/www.ambifuego.net\/de\/wp-json\/wp\/v2\/product_brand?post=17544"},{"taxonomy":"product_cat","embeddable":true,"href":"https:\/\/www.ambifuego.net\/de\/wp-json\/wp\/v2\/product_cat?post=17544"},{"taxonomy":"product_tag","embeddable":true,"href":"https:\/\/www.ambifuego.net\/de\/wp-json\/wp\/v2\/product_tag?post=17544"}],"curies":[{"name":"wp","href":"https:\/\/api.w.org\/{rel}","templated":true}]}}