{"id":17540,"date":"2017-09-20T15:35:01","date_gmt":"2017-09-20T15:35:01","guid":{"rendered":"https:\/\/www.ambifuego.net\/xtempx\/web17\/producto\/global-70xt-cf\/"},"modified":"2025-10-27T13:47:53","modified_gmt":"2025-10-27T12:47:53","slug":"schornstein-freundlicher-deluxe-gaskamin","status":"publish","type":"product","link":"https:\/\/www.ambifuego.net\/de\/producto\/schornstein-freundlicher-deluxe-gaskamin\/","title":{"rendered":"Einbaukamin 70 GD"},"content":{"rendered":"<p style=\"text-align: justify;\"><span style=\"font-family: verdana, geneva, sans-serif;\"><strong>Schornstein-freundlicher Deluxe-Gaskamin<\/strong> 70GD ist ein <em>Einbau Gaskamin.<\/em> Dieser Einsatz-Kamin kann hinter einer Verkleidung erfolgen oder fl\u00e4chenb\u00fcndig mit der Wand eingebaut werden. Sie k\u00f6nnen per Knofdruck die Gem\u00fctlichkeit und W\u00e4rme geniessen. Die sehr realistischen\u00a0 Flammenspiel greifen um die St\u00e4mme. Kann auch in einer bestehenden schornstein geeignet sein.<\/span><\/p>\n<h2><span style=\"font-size: 14pt;\">Ein eleganter, gar\u00e4umiger, moderner Schornstein-Freundlicher Gaskamin Blickfant<\/span><\/h2>\n<div class=\"row\">\n<div class=\"col-sm-12\">\n<div class=\"block block-nomargin\">\n<p style=\"text-align: justify;\"><span style=\"font-family: verdana, geneva, sans-serif;\">Der\u00a0 70GD ist ein eleganter, ger\u00e4umiger Gaskamin, der ein sch\u00f6ner Mittelpunkt in jedem Wohnzimmer ist. Es handelt sich um einen gro\u00dfen, attraktiven Kamin im Breitbild-Format mit realistischen Holzscheiten und der Auswahl zwischen einem Interieur in Schwarz, Ceraglass oder klassischem Stein.<\/span><\/p>\n<div class='yrm-content yrm-content-1 yrm-content-hide  ' id='yrm-w2Uoe' data-id='1' data-show-status='false' data-after-action='' style=\"visibility: hidden;height: 0;\">\n\t\t\t<div id='yrm-inner-content-yrm-w2Uoe' class='yrm-inner-content-wrapper yrm-cntent-1'><\/p>\n<p><span style=\"font-family: verdana, geneva, sans-serif;\">Verschiedene Interieurs sind verf\u00fcgbar, so dass der Kamin nach Belieben zusammengestellt werden kann. W\u00e4hlen Sie zum Beispiel f\u00fcr Ceraglass, das durch einen sch\u00f6nen Spiegeleffekt zus\u00e4tzliche Tiefe in Ihrem Kamin zaubert.<\/span><\/p>\n<p style=\"text-align: justify;\"><span style=\"font-family: verdana, geneva, sans-serif;\">Ob Ihr Haus \u00fcber einen Schornstein verf\u00fcgt oder nicht, dieser Kamin, mit einem sch\u00f6nen Blick auf das Feuer an die Vorderseite, ist einfach zu installieren und bringt jahrelang ein angenehme W\u00e4rme und Atmosph\u00e4re. Er wurde f\u00fcr deutsche Haushalte mit einem unkomplizierten Schornsteinanschluss konzipiert und entwickelt<\/span><\/p>\n<p style=\"text-align: justify;\"><span style=\"font-family: verdana, geneva, sans-serif;\">Der exklusive Truflame Burner\u00ae erzeugt sch\u00f6ne hohe Flammen und ein sch\u00f6nes warmes Gl\u00fchen und<\/span><span style=\"font-family: verdana, geneva, sans-serif;\">\u00a0<\/span><\/p>\n<h2 style=\"text-align: justify;\"><span style=\"font-family: verdana, geneva, sans-serif; font-size: 12pt;\">Schornstein-freundlicher Deluxe-Gaskamin mit beeindruckend realistisches Flammenspiel.<\/span><\/h2>\n<\/div>\n<\/div>\n<\/div>\n<p style=\"text-align: justify;\"><span style=\"font-family: verdana, geneva, sans-serif;\">Der Kamin ist optional mit <a href=\"https:\/\/www.drufire.com\/de-de\/uber-dru\/innovationen-von-dru\">Clear View (Antireflex)<\/a> Glas erh\u00e4ltlich. Bei vielen Gaskaminen haben Sie die M\u00f6glichkeit, Clear View entspiegeltes Glas zu w\u00e4hlen. Diese Option verschafft Ihnen die Illusion eines echten offenen Kamins ohne Reflexionen auf der Glasscheibe. Damit Sie das lebendige Flammenbild Ihres Gaskamins noch besser genie\u00dfen k\u00f6nnen<\/span><\/p>\n<p><span style=\"font-family: verdana, geneva, sans-serif;\">Der Kamin kann mit einer Fernbedienung gesteuert werden und hat eine sehr hohe Effizienz bei der Erdgas- als auch bei der Propangasfeuerung.<\/span><\/p>\n<ul style=\"text-align: justify;\">\n<li style=\"text-align: justify;\"><span style=\"font-family: verdana, geneva, sans-serif;\">Schornstein-freundlicher Deluxe-Gaskamin<\/span><\/li>\n<li><span style=\"font-family: verdana, geneva, sans-serif;\">Einsatz &#8211; Einbau &#8211; Gaskamin<\/span><\/li>\n<li><span style=\"font-family: verdana, geneva, sans-serif;\">Brennstoff: Erdgas oder Fl\u00fcssiggas<\/span><\/li>\n<li><span style=\"font-family: verdana, geneva, sans-serif;\">Verbrennung: Raumluftunabh\u00e4ngig<\/span><\/li>\n<li><span style=\"font-family: verdana, geneva, sans-serif;\">Leistung 5,8 kW<\/span><\/li>\n<li><span style=\"font-family: verdana, geneva, sans-serif;\">Rohrdurchmesser: 150\/100 mm konzentrisch<\/span><\/li>\n<li><span style=\"font-family: verdana, geneva, sans-serif;\">Fernbedienung RCE<\/span><\/li>\n<li><span style=\"font-family: verdana, geneva, sans-serif;\">Flammen-Effeckt;\u00a0Keramik Holzsatz<\/span><\/li>\n<li><span style=\"font-family: verdana, geneva, sans-serif;\">Brenner True-Flame (Perfect flame effect)<\/span><\/li>\n<li><span style=\"font-family: verdana, geneva, sans-serif;\">Thermostat<\/span><\/li>\n<li><span style=\"font-family: verdana, geneva, sans-serif;\">Farben Schwarz<\/span><\/li>\n<li><span style=\"font-family: verdana, geneva, sans-serif;\">Material Stahl<\/span><\/li>\n<li><span style=\"font-family: verdana, geneva, sans-serif;\">Interieur; Schwarz, Ceraglass, Klassicher Stein<\/span><\/li>\n<li><span style=\"font-family: verdana, geneva, sans-serif;\">*Weitere Infos &#8211; <a href=\"https:\/\/www.ambifuego.net\/wp-content\/uploads\/2022\/05\/DRU-ALEMAN.22_compressed.pdf\">Katalog<\/a> &#8211; <a href=\"https:\/\/www.drufire.com\/en-gb\/product-range\/global-range\/global-bf\/dru-global-70xt-bf\">Video<\/a> &#8211;<\/span><\/li>\n<\/ul>\n<p><\/div>\n\t\t<\/div><div class='yrm-btn-wrapper yrm-btn-wrapper-1 yrm-more-button-wrapper  '\n\t\tdata-custom-more-class-name='' data-custom-less-class-name=''><span title='' data-less-title='' data-more-title='' class='yrm-toggle-expand  yrm-toggle-expand-1 ' data-rel='yrm-w2Uoe' data-more='Mehr erfahren ' data-less='Read less'><span class='yrm-text-wrapper yrm-text-wrapper-custom-dimensions'><span class=\"yrm-button-text-1 yrm-button-text-span\">Mehr erfahren <\/span><\/span><\/span><\/div>\n","protected":false},"excerpt":{"rendered":"<div class=\"product-info-description col-md-8\">\n<div class=\"nav-tabs-container has-multi-tabs\">\n<div class=\"tab-content\">\n<div class=\"tab-pane active\">\n<div class=\"tab-body active\">\n[caption id=\"attachment_43611\" align=\"alignnone\" width=\"480\"]<img fetchpriority=\"high\" decoding=\"async\" class=\"size-full wp-image-43611\" src=\"https:\/\/www.ambifuego.net\/wp-content\/uploads\/2017\/09\/70-gd_optimized-1.jpg\" alt=\"chimenea peque\u00f1a frontal blanco 70 gd\" width=\"480\" height=\"320\" srcset=\"https:\/\/www.ambifuego.net\/wp-content\/uploads\/2017\/09\/70-gd_optimized-1.jpg 480w, https:\/\/www.ambifuego.net\/wp-content\/uploads\/2017\/09\/70-gd_optimized-1-405x270.jpg 405w\" sizes=\"(max-width: 480px) 100vw, 480px\" \/> chimenea insertable peque\u00f1a 70 gd frontal blanco[\/caption]\n<\/div>\n<\/div>\n<\/div>\n<\/div>\n<\/div>\n","protected":false},"featured_media":80339,"template":"","meta":[],"product_brand":[],"product_cat":[352,353],"product_tag":[],"class_list":{"0":"post-17540","1":"product","2":"type-product","3":"status-publish","4":"has-post-thumbnail","6":"product_cat-gas-kamine-oefen-heizkoerper","7":"product_cat-hersteller-gaskamine-klein-einbau","9":"first","10":"instock","11":"shipping-taxable","12":"product-type-simple"},"_links":{"self":[{"href":"https:\/\/www.ambifuego.net\/de\/wp-json\/wp\/v2\/product\/17540","targetHints":{"allow":["GET"]}}],"collection":[{"href":"https:\/\/www.ambifuego.net\/de\/wp-json\/wp\/v2\/product"}],"about":[{"href":"https:\/\/www.ambifuego.net\/de\/wp-json\/wp\/v2\/types\/product"}],"version-history":[{"count":0,"href":"https:\/\/www.ambifuego.net\/de\/wp-json\/wp\/v2\/product\/17540\/revisions"}],"wp:featuredmedia":[{"embeddable":true,"href":"https:\/\/www.ambifuego.net\/de\/wp-json\/wp\/v2\/media\/80339"}],"wp:attachment":[{"href":"https:\/\/www.ambifuego.net\/de\/wp-json\/wp\/v2\/media?parent=17540"}],"wp:term":[{"taxonomy":"product_brand","embeddable":true,"href":"https:\/\/www.ambifuego.net\/de\/wp-json\/wp\/v2\/product_brand?post=17540"},{"taxonomy":"product_cat","embeddable":true,"href":"https:\/\/www.ambifuego.net\/de\/wp-json\/wp\/v2\/product_cat?post=17540"},{"taxonomy":"product_tag","embeddable":true,"href":"https:\/\/www.ambifuego.net\/de\/wp-json\/wp\/v2\/product_tag?post=17540"}],"curies":[{"name":"wp","href":"https:\/\/api.w.org\/{rel}","templated":true}]}}