{"id":17534,"date":"2017-09-13T17:07:18","date_gmt":"2017-09-13T17:07:18","guid":{"rendered":"https:\/\/www.ambifuego.net\/xtempx\/web17\/producto\/geschlossener-eck-gaskamin\/"},"modified":"2025-07-30T10:40:31","modified_gmt":"2025-07-30T08:40:31","slug":"stylish-2-seitig-gaskamine","status":"publish","type":"product","link":"https:\/\/www.ambifuego.net\/de\/producto\/stylish-2-seitig-gaskamine\/","title":{"rendered":"ECK-GASKAMINE"},"content":{"rendered":"<h2><span style=\"font-family: verdana, geneva, sans-serif;\">Stylish-2-seitig-gaskamine<\/span><\/h2>\n<p><span style=\"font-family: verdana, geneva, sans-serif;\">Stylish-2-seitig-gaskamine &#8211;\u00a0 Ein Eckkamin ist ein Modell, welcher durch seine Form perfect in eine Ecke passt. Die 2-seitiger Eck-Gaskamine haben dem absolut feinsten Holzfeuer-Display. Es gibt eine Auswahl an auff\u00e4lligen Interieur-Ausf\u00fchrungen und die Option von Clear View-Glass f\u00fcr den authentischen Look eines offenen Feuers. Bei unserer grossen Auswahl ist garantiert auch ein Eckkamin passend f\u00fcr Sie.\u00a0 \u00a0Die richtige Leistung f\u00fcr einen Eckkamin richtet sich nach der Gr\u00f6sse des Raumes und Isolierung der Wohung.<\/span><\/p>\n<p><img fetchpriority=\"high\" decoding=\"async\" class=\"alignnone size-full wp-image-43499\" src=\"https:\/\/www.ambifuego.net\/wp-content\/uploads\/2021\/07\/plano-corner_optimized-1.jpg\" alt=\"\" width=\"553\" height=\"285\" srcset=\"https:\/\/www.ambifuego.net\/wp-content\/uploads\/2021\/07\/plano-corner_optimized-1.jpg 553w, https:\/\/www.ambifuego.net\/wp-content\/uploads\/2021\/07\/plano-corner_optimized-1-480x247.jpg 480w\" sizes=\"(max-width: 553px) 100vw, 553px\" \/><\/p>\n<p>Medidas en mil\u00edmetros<\/p>\n<table style=\"border-collapse: collapse; width: 101.441%;\" border=\"1\">\n<tbody>\n<tr>\n<td style=\"width: 10%;\"><strong>M<span style=\"font-size: 10pt;\">odelo<\/span><\/strong><\/td>\n<td style=\"width: 7.47235%;\">\u00a0 \u00a0<strong>\u00a0A<\/strong><\/td>\n<td style=\"width: 7.63029%;\">\u00a0 \u00a0\u00a0<strong>B<\/strong><\/td>\n<td style=\"width: 7.6303%;\">\u00a0 \u00a0<strong>\u00a0C<\/strong><\/td>\n<td style=\"width: 7.47241%;\">\u00a0 \u00a0\u00a0<strong>D<\/strong><\/td>\n<td style=\"width: 8.26223%;\">\u00a0 \u00a0\u00a0<strong>E<\/strong><\/td>\n<td style=\"width: 10.7898%;\">\u00a0 \u00a0 \u00a0 \u00a0\u00a0<strong>\u03a6<\/strong><\/td>\n<td style=\"width: 7.31442%;\">\u00a0<strong>\u00a0%<\/strong><\/td>\n<td style=\"width: 8.42019%;\">\u00a0<strong>LPG<\/strong><\/td>\n<td style=\"width: 7.6856%;\">\u00a0<strong>NAT<\/strong><\/td>\n<td style=\"width: 18.7646%;\"><strong><span style=\"font-size: 10pt;\">Quemador<\/span><\/strong><\/td>\n<\/tr>\n<tr>\n<td style=\"width: 10%;\">\u00a060-MD<\/td>\n<td style=\"width: 7.47235%;\">\u00a0 585<\/td>\n<td style=\"width: 7.63029%;\">\u00a0 555<\/td>\n<td style=\"width: 7.6303%;\">\u00a0 823<\/td>\n<td style=\"width: 7.47241%;\">\u00a0 776<\/td>\n<td style=\"width: 8.26223%;\">\u00a0 595<\/td>\n<td style=\"width: 10.7898%;\">\u00a0130\/200<\/td>\n<td style=\"width: 7.31442%;\">\u00a0 94<\/td>\n<td style=\"width: 8.42019%;\">\u00a0 7,3<\/td>\n<td style=\"width: 7.6856%;\">\u00a0 7,2<\/td>\n<td style=\"width: 18.7646%;\">\u00a0\u00a0<span style=\"font-size: 10pt;\">Dynamic\u00a0<\/span><\/td>\n<\/tr>\n<tr>\n<td style=\"width: 10%;\">\u00d770-GD<\/td>\n<td style=\"width: 7.47235%;\">\u00a0 661<\/td>\n<td style=\"width: 7.63029%;\">\u00a0 450<\/td>\n<td style=\"width: 7.6303%;\">\u00a0 805<\/td>\n<td style=\"width: 7.47241%;\">\u00a0 810<\/td>\n<td style=\"width: 8.26223%;\">\u00a0 325<\/td>\n<td style=\"width: 10.7898%;\">\u00a0100\/200<\/td>\n<td style=\"width: 7.31442%;\">\u00a0 91<\/td>\n<td style=\"width: 8.42019%;\">\u00a0 6,3<\/td>\n<td style=\"width: 7.6856%;\">\u00a0 6,0<\/td>\n<td style=\"width: 18.7646%;\">\u00a0\u00a0<span style=\"font-size: 10pt;\">Line Burner<\/span><\/td>\n<\/tr>\n<tr>\n<td style=\"width: 10%;\">\u00a0 80-ED<\/td>\n<td style=\"width: 7.47235%;\">\u00a0 766<\/td>\n<td style=\"width: 7.63029%;\">\u00a0 440<\/td>\n<td style=\"width: 7.6303%;\">\u00a0 745<\/td>\n<td style=\"width: 7.47241%;\">\u00a0 881<\/td>\n<td style=\"width: 8.26223%;\">\u00a0 460<\/td>\n<td style=\"width: 10.7898%;\">\u00a0100\/150<\/td>\n<td style=\"width: 7.31442%;\">\u00a0 91<\/td>\n<td style=\"width: 8.42019%;\">\u00a0 6,3<\/td>\n<td style=\"width: 7.6856%;\">\u00a0 6,9<\/td>\n<td style=\"width: 18.7646%;\">\u00a0 Zig-Zag<\/td>\n<\/tr>\n<tr>\n<td style=\"width: 10%;\">100-GD<\/td>\n<td style=\"width: 7.47235%;\">\u00a0 980<\/td>\n<td style=\"width: 7.63029%;\">\u00a0 420<\/td>\n<td style=\"width: 7.6303%;\">\u00a0 746<\/td>\n<td style=\"width: 7.47241%;\">1096<\/td>\n<td style=\"width: 8.26223%;\">\u00a0 386<\/td>\n<td style=\"width: 10.7898%;\">\u00a0100\/150<\/td>\n<td style=\"width: 7.31442%;\">\u00a0 94<\/td>\n<td style=\"width: 8.42019%;\">\u00a0 7,0<\/td>\n<td style=\"width: 7.6856%;\">\u00a0 7,5<\/td>\n<td style=\"width: 18.7646%;\"><span style=\"font-size: 10pt;\">\u00a0 Line Burner<\/span><\/td>\n<\/tr>\n<tr>\n<td style=\"width: 10%;\">100-ED<\/td>\n<td style=\"width: 7.47235%;\">1000<\/td>\n<td style=\"width: 7.63029%;\">\u00a0 410<\/td>\n<td style=\"width: 7.6303%;\">\u00a0 792<\/td>\n<td style=\"width: 7.47241%;\">1133<\/td>\n<td style=\"width: 8.26223%;\">\u00a0 466<\/td>\n<td style=\"width: 10.7898%;\">\u00a0130\/200<\/td>\n<td style=\"width: 7.31442%;\">\u00a0 83<\/td>\n<td style=\"width: 8.42019%;\">\u00a0 9,4<\/td>\n<td style=\"width: 7.6856%;\">\u00a0 9,6<\/td>\n<td style=\"width: 18.7646%;\">\u00a0 Zig-Zag<\/td>\n<\/tr>\n<tr>\n<td style=\"width: 10%;\">120-GD<\/td>\n<td style=\"width: 7.47235%;\">1200<\/td>\n<td style=\"width: 7.63029%;\">\u00a0 420<\/td>\n<td style=\"width: 7.6303%;\">\u00a0 746<\/td>\n<td style=\"width: 7.47241%;\">1296<\/td>\n<td style=\"width: 8.26223%;\">\u00a0 386<\/td>\n<td style=\"width: 10.7898%;\">\u00a0100\/150<\/td>\n<td style=\"width: 7.31442%;\">\u00a0 94<\/td>\n<td style=\"width: 8.42019%;\">\u00a0 7,0<\/td>\n<td style=\"width: 7.6856%;\">\u00a0 7,5<\/td>\n<td style=\"width: 18.7646%;\"><span style=\"font-size: 10pt;\">\u00a0 Line Burner<\/span><\/td>\n<\/tr>\n<tr>\n<td style=\"width: 10%;\">130-ED<\/td>\n<td style=\"width: 7.47235%;\">1300<\/td>\n<td style=\"width: 7.63029%;\">\u00a0 390<\/td>\n<td style=\"width: 7.6303%;\">\u00a0 857<\/td>\n<td style=\"width: 7.47241%;\">1395<\/td>\n<td style=\"width: 8.26223%;\">\u00a0 460<\/td>\n<td style=\"width: 10.7898%;\">\u00a0130\/200<\/td>\n<td style=\"width: 7.31442%;\">\u00a0 89<\/td>\n<td style=\"width: 8.42019%;\">10,8<\/td>\n<td style=\"width: 7.6856%;\">10,6<\/td>\n<td style=\"width: 18.7646%;\">\u00a0 Zig-Zag<\/td>\n<\/tr>\n<tr>\n<td style=\"width: 10%;\">140-AM<\/td>\n<td style=\"width: 7.47235%;\">1400<\/td>\n<td style=\"width: 7.63029%;\">\u00a0 420<\/td>\n<td style=\"width: 7.6303%;\">\u00a0 720<\/td>\n<td style=\"width: 7.47241%;\">1496<\/td>\n<td style=\"width: 8.26223%;\">\u00a0 401<\/td>\n<td style=\"width: 10.7898%;\">\u00a0130\/200<\/td>\n<td style=\"width: 7.31442%;\">\u00a0 89<\/td>\n<td style=\"width: 8.42019%;\">13,0<\/td>\n<td style=\"width: 7.6856%;\">13,0<\/td>\n<td style=\"width: 18.7646%;\">\u00a0 \u00a0 3QL<\/td>\n<\/tr>\n<tr>\n<td style=\"width: 10%;\">160-AM<\/td>\n<td style=\"width: 7.47235%;\">1579<\/td>\n<td style=\"width: 7.63029%;\">\u00a0 425<\/td>\n<td style=\"width: 7.6303%;\">\u00a0 704<\/td>\n<td style=\"width: 7.47241%;\">1736<\/td>\n<td style=\"width: 8.26223%;\">\u00a0 468<\/td>\n<td style=\"width: 10.7898%;\">\u00a0130\/200<\/td>\n<td style=\"width: 7.31442%;\">\u00a0 92<\/td>\n<td style=\"width: 8.42019%;\">16,5<\/td>\n<td style=\"width: 7.6856%;\">17,2<\/td>\n<td style=\"width: 18.7646%;\">5QV Leds<\/td>\n<\/tr>\n<tr>\n<td style=\"width: 10%;\">190-AM<\/td>\n<td style=\"width: 7.47235%;\">1901<\/td>\n<td style=\"width: 7.63029%;\">\u00a0 450<\/td>\n<td style=\"width: 7.6303%;\">\u00a0 722<\/td>\n<td style=\"width: 7.47241%;\">1984<\/td>\n<td style=\"width: 8.26223%;\">\u00a0 461<\/td>\n<td style=\"width: 10.7898%;\">\u00a0130\/200<\/td>\n<td style=\"width: 7.31442%;\">\u00a0 89<\/td>\n<td style=\"width: 8.42019%;\">19,0<\/td>\n<td style=\"width: 7.6856%;\">18,2<\/td>\n<td style=\"width: 18.7646%;\">\u00a0 \u00a0 3QL<\/td>\n<\/tr>\n<\/tbody>\n<\/table>\n","protected":false},"excerpt":{"rendered":"<ul>\n<li><span style=\"font-family: verdana, geneva, sans-serif;\"><a href=\"https:\/\/www.drufire.com\/int\/products\/dru\/maestro\/maestro-105-2-eco-wave\">Stylish-2-seitig-gaskamine<\/a><\/span><\/li>\n<li><span style=\"font-family: verdana, geneva, sans-serif;\">Eckkamin &#8211; 2 Seite Gaskamin<\/span><\/li>\n<li><span style=\"font-family: verdana, geneva, sans-serif;\">Propan &#8211; Erdgas<\/span><\/li>\n<li><span style=\"font-family: verdana, geneva, sans-serif;\">\u00a02-seitiger Eck-Gaskamin mit dem absolut feinsten Holzfeuer-Display<\/span><\/li>\n<li><span style=\"font-family: verdana, geneva, sans-serif;\">Raumluftunabh\u00e4ngiger Betrieb &#8211; Verschlossener Verbrenung<\/span><\/li>\n<li><span style=\"font-family: verdana, geneva, sans-serif;\">Flammeneffect; Holzscheit-Imitaten -Keramik Holzsatz<\/span><\/li>\n<li><span style=\"font-family: verdana, geneva, sans-serif;\">Brenner\u00a0 je nach Modell-<a href=\"https:\/\/www.ambifuego.net\/wp-content\/uploads\/2021\/12\/catalogo-Ambifuego-2021-20kb_compressed.pdf\">Katalog<\/a> &#8211; St.7.<\/span><\/li>\n<li><span style=\"font-family: verdana, geneva, sans-serif;\">Funk-Fernbedienung<\/span><\/li>\n<li><span style=\"font-family: verdana, geneva, sans-serif;\">*Weitere Infos &#8211; <a href=\"https:\/\/www.ambifuego.net\/wp-content\/uploads\/2022\/05\/DRU-ALEMAN.22_compressed.pdf\">Katalog <\/a>&#8211;<\/span><\/li>\n<\/ul>\n<p>&nbsp;<\/p>\n","protected":false},"featured_media":43475,"template":"","meta":[],"product_brand":[],"product_cat":[554],"product_tag":[],"class_list":{"0":"post-17534","1":"product","2":"type-product","3":"status-publish","4":"has-post-thumbnail","6":"product_cat-eck-gas-kamine","8":"first","9":"instock","10":"shipping-taxable","11":"product-type-simple"},"_links":{"self":[{"href":"https:\/\/www.ambifuego.net\/de\/wp-json\/wp\/v2\/product\/17534","targetHints":{"allow":["GET"]}}],"collection":[{"href":"https:\/\/www.ambifuego.net\/de\/wp-json\/wp\/v2\/product"}],"about":[{"href":"https:\/\/www.ambifuego.net\/de\/wp-json\/wp\/v2\/types\/product"}],"version-history":[{"count":0,"href":"https:\/\/www.ambifuego.net\/de\/wp-json\/wp\/v2\/product\/17534\/revisions"}],"wp:featuredmedia":[{"embeddable":true,"href":"https:\/\/www.ambifuego.net\/de\/wp-json\/wp\/v2\/media\/43475"}],"wp:attachment":[{"href":"https:\/\/www.ambifuego.net\/de\/wp-json\/wp\/v2\/media?parent=17534"}],"wp:term":[{"taxonomy":"product_brand","embeddable":true,"href":"https:\/\/www.ambifuego.net\/de\/wp-json\/wp\/v2\/product_brand?post=17534"},{"taxonomy":"product_cat","embeddable":true,"href":"https:\/\/www.ambifuego.net\/de\/wp-json\/wp\/v2\/product_cat?post=17534"},{"taxonomy":"product_tag","embeddable":true,"href":"https:\/\/www.ambifuego.net\/de\/wp-json\/wp\/v2\/product_tag?post=17534"}],"curies":[{"name":"wp","href":"https:\/\/api.w.org\/{rel}","templated":true}]}}