{"id":17533,"date":"2017-09-13T17:05:18","date_gmt":"2017-09-13T17:05:18","guid":{"rendered":"https:\/\/www.ambifuego.net\/xtempx\/web17\/producto\/eschlossener-frontaler-ansicht-einbau-gaskamin\/"},"modified":"2025-08-13T10:06:57","modified_gmt":"2025-08-13T08:06:57","slug":"panorama-gaskamin-mit-frontglasscheibe","status":"publish","type":"product","link":"https:\/\/www.ambifuego.net\/de\/producto\/panorama-gaskamin-mit-frontglasscheibe\/","title":{"rendered":"PANORAMA-GASKAMIN MIT FRONTGLASSCHEIBE"},"content":{"rendered":"<p style=\"text-align: justify;\"><span style=\"font-family: verdana, geneva, sans-serif;\"><strong>Panorama Gaskamin mit Frontglasscheibe<\/strong> f\u00fcr eine gem\u00fctliche Feueratmosph\u00e4re. <\/span><span style=\"font-family: verdana, geneva, sans-serif;\">Ein pr\u00e4chtiges, nat\u00fcrliches Flammenspiel\u00a0auf Knopfdruck und dabei eine gleichbleibende W\u00e4rme in die R\u00e4umlichkeiten zu erhalten sind nur zwei Vorteile eines individuellen Gaskamines.<\/span><\/p>\n<h3 style=\"text-align: justify;\"><span style=\"font-family: verdana, geneva, sans-serif;\">Der Panorama Gaskamin &#8211; Feuererlebnis auf Knopfdruck<\/span><\/h3>\n<p style=\"text-align: justify;\"><span style=\"font-family: verdana, geneva, sans-serif;\">Ein pr\u00e4chtiges, nat\u00fcrliches Flammenspiel auf Knopfdruck und dabei eine gleichbleibende W\u00e4rme in den R\u00e4umlichkeiten zu erhalten sind nur zwei Vorteile eines individuellen Gaskamines. <\/span><\/p>\n<p style=\"text-align: justify;\"><span style=\"font-family: verdana, geneva, sans-serif;\">Sich f\u00fcr einen Gaskamin zu entscheiden hei\u00dft <strong>Stimmung, M\u00fchelosigkeit und Komfort zu w\u00e4hlen.<\/strong> Starten Sie Ihren Gaskamin mit einem Klick oder stellen Sie die gew\u00fcnschte Temperatur in der ein.<\/span><\/p>\n<div class='yrm-content yrm-content-1 yrm-content-hide  ' id='yrm-wo0pZ' data-id='1' data-show-status='false' data-after-action='' style=\"visibility: hidden;height: 0;\">\n\t\t\t<div id='yrm-inner-content-yrm-wo0pZ' class='yrm-inner-content-wrapper yrm-cntent-1'><\/p>\n<p style=\"text-align: justify;\"><span style=\"font-family: verdana, geneva, sans-serif;\">Ein weiterer wichtiger Vorteil eines Gasger\u00e4ts ist, dass hier das geschlossene Verbrennungssystem zum Einsatz kommt. Mit der Einf\u00fchrung dieses Systems er\u00fcbrigte sich die Notwendigkeit eines traditionellen Schornsteins.<\/span><\/p>\n<p><span style=\"font-family: verdana, geneva, sans-serif;\">Mit dem\u00a0<strong>Clear View Glas<\/strong>\u00a0kann man zus\u00e4tzlich eine entspiegelte Glasscheibe w\u00e4hlen. Aus eigener Erfahrung k\u00f6nnen wir sagen, dass man glaubt es sei kein Glas verbaut und das Feuer brennt offen.\u00a0<strong>Klasse Effekt!<\/strong>!!<\/span><\/p>\n<p style=\"text-align: justify;\"><span style=\"font-family: verdana, geneva, sans-serif;\">Das neue<strong>\u00a0Eco Wave-System!<\/strong>\u00a0So einfach k\u00f6nnen Sie Ihren Gaskamin mit der kostenfreien App f\u00fcr Tablet oder Smartphone steuern. Ganz bequem von der Couch aus geben Sie in die App ein, wann der Gaskamin brennen soll und in welchem Modus &#8211; egal ob Sparmodus oder pulsierende Flammen erzeugt werden sollen. Sparmodus bedeutet, dass die Raumtemperatur angenehm bleibt und Sie den Kamin nicht ausschalten m\u00fcssen,\u00a0Sie aber weiterhin das realistische Flammenbild genie\u00dfen k\u00f6nnen, w\u00e4hrend Sie bis zu 50\u00a0% des Gasverbrauchs einsparen!<\/span><\/p>\n<p style=\"text-align: justify;\"><span style=\"font-family: verdana, geneva, sans-serif;\">Wenn Sie Ihren Modus selbst festlegen wollen, k\u00f6nnen Sie dies auch ganz einfach selbst angeben.<\/span><\/p>\n<h2><span style=\"font-family: verdana, geneva, sans-serif;\"><span style=\"font-size: 14pt;\">Panorama Gaskamin mit Frontglasscheibe<\/span>\u00a0<\/span><\/h2>\n<p style=\"text-align: justify;\"><span style=\"font-family: verdana, geneva, sans-serif;\">Wir haben eine grosse Auswahl an Gaskamine, die mit ihre t\u00e4uschende echte Flammenbild lassen sich kaum von einem Holzfeuer unterscheiden. Das Ein- und Ausschalten erfolt bequem auf Knopfdruck.<\/span><\/p>\n<ul>\n<li style=\"text-align: justify;\"><span style=\"font-family: verdana, geneva, sans-serif;\">\u00a0Breite ab 70 bis zu 240 cm &#8211;<a href=\"https:\/\/www.drufire.com\/int\/products\/dru\/metro\/metro-200xt-eco-wave\">video-<\/a><\/span><\/li>\n<li><span style=\"font-family: verdana, geneva, sans-serif;\">Steuerung per Tablet-App oder Fernbedienung.<\/span><\/li>\n<li><span style=\"font-family: verdana, geneva, sans-serif;\">Flammenbild ganz nach Wunsch.<\/span><\/li>\n<li style=\"text-align: justify;\"><span style=\"font-family: verdana, geneva, sans-serif;\">Gas: Propan &#8211; Erdgass.<\/span><\/li>\n<li style=\"text-align: justify;\"><span style=\"font-family: verdana, geneva, sans-serif;\">Geschlossene Verbrennung-Raumluftunabh\u00e4ngig.<\/span><\/li>\n<li style=\"text-align: justify;\"><span style=\"font-family: verdana, geneva, sans-serif;\">\u00a0Brennerbett: Holzscheite\u00a0 \/ wei\u00dfen Carrara-Steine.<\/span><\/li>\n<li style=\"text-align: justify;\"><span style=\"font-family: verdana, geneva, sans-serif;\">Leistung: je nach Modell und Gas-Art &#8211; Siehe Tabelle.<\/span><\/li>\n<li style=\"text-align: justify;\"><span style=\"font-family: verdana, geneva, sans-serif;\">*Weitere Infos &#8211; <a href=\"https:\/\/www.ambifuego.net\/wp-content\/uploads\/2022\/05\/DRU-ALEMAN.22_compressed.pdf\">Katalog <\/a>&#8211;<\/span><\/li>\n<li><a href=\"https:\/\/www.ambifuego.net\/wp-content\/uploads\/2021\/12\/catalogo-Ambifuego-2021-20kb_compressed.pdf\"><span style=\"font-family: verdana, geneva, sans-serif;\">Brenner<\/span><span style=\"font-family: verdana, geneva, sans-serif;\"> (St.4)<\/span><\/a><\/li>\n<\/ul>\n<p><span id=\"result_box\" class=\"\" lang=\"de\">Millimeter<\/span><\/p>\n<table style=\"border-collapse: collapse; width: 98.6101%; height: 437px;\" border=\"1\">\n<tbody>\n<tr>\n<td style=\"width: 10%;\"><strong>Mod.Frente<\/strong><\/td>\n<td style=\"width: 6.95233%;\">\u00a0 \u00a0<strong>A<\/strong><\/td>\n<td style=\"width: 7.40419%;\">\u00a0 \u00a0\u00a0<strong>B<\/strong><\/td>\n<td style=\"width: 7.3225%;\">\u00a0 \u00a0<strong>\u00a0C<\/strong><\/td>\n<td style=\"width: 7.05134%;\">\u00a0 \u00a0\u00a0<strong>D<\/strong><\/td>\n<td style=\"width: 6.99088%;\">\u00a0 \u00a0<strong>E<\/strong><\/td>\n<td style=\"width: 10.293%;\">\u00a0 \u00a0 \u00a0\u00a0<strong>\u03a6<\/strong><\/td>\n<td style=\"width: 8.43675%;\">\u00a0 \u00a0<strong>\u00a0%<\/strong><\/td>\n<td style=\"width: 9.09417%;\">\u00a0 \u00a0<strong>LPG<\/strong><\/td>\n<td style=\"width: 5.9472%;\">\u00a0 \u00a0<strong>NAT<\/strong><\/td>\n<td style=\"width: 5.9472%;\"><strong>\u00a0 Brenner<\/strong><\/td>\n<\/tr>\n<tr>\n<td style=\"width: 10%;\">\u00a0 \u00a0 \u00a0 \u00a0 70 AM<\/td>\n<td style=\"width: 6.95233%;\">\u00a0693<\/td>\n<td style=\"width: 7.40419%;\">\u00a0 405<\/td>\n<td style=\"width: 7.3225%;\">\u00a0 684<\/td>\n<td style=\"width: 7.05134%;\">\u00a0 780<\/td>\n<td style=\"width: 6.99088%;\">\u00a0538<\/td>\n<td style=\"width: 10.293%;\">100\/150<\/td>\n<td style=\"width: 8.43675%;\">\u00a0 \u00a0 91<\/td>\n<td style=\"width: 9.09417%;\">\u00a0 \u00a0 8,0<\/td>\n<td style=\"width: 5.9472%;\">\u00a0 \u00a0 \u00a08,8<\/td>\n<td style=\"width: 5.9472%;\">\u00a0 3QV+Leds<\/td>\n<\/tr>\n<tr>\n<td style=\"width: 10%;\">\u00a0 \u00a0 \u00a0 \u00a0 70 GD<\/td>\n<td style=\"width: 6.95233%;\">\u00a0720<\/td>\n<td style=\"width: 7.40419%;\">\u00a0 600<\/td>\n<td style=\"width: 7.3225%;\">\u00a0 939<\/td>\n<td style=\"width: 7.05134%;\">\u00a0 815<\/td>\n<td style=\"width: 6.99088%;\">\u00a0346<\/td>\n<td style=\"width: 10.293%;\">100\/150<\/td>\n<td style=\"width: 8.43675%;\">\u00a0 \u00a0 92<\/td>\n<td style=\"width: 9.09417%;\">\u00a0 \u00a0 5,5<\/td>\n<td style=\"width: 5.9472%;\">\u00a0 \u00a0 \u00a05,7<\/td>\n<td style=\"width: 5.9472%;\">\u00a0<span style=\"font-size: 10pt;\">TrueFlame<\/span><\/td>\n<\/tr>\n<tr>\n<td style=\"width: 10%;\">\u00a0 \u00a0 \u00a0 \u00a0 80 ED<\/td>\n<td style=\"width: 6.95233%;\">\u00a0800<\/td>\n<td style=\"width: 7.40419%;\">\u00a0 332<\/td>\n<td style=\"width: 7.3225%;\">\u00a0 820<\/td>\n<td style=\"width: 7.05134%;\">\u00a0 986<\/td>\n<td style=\"width: 6.99088%;\">\u00a0 379<\/td>\n<td style=\"width: 10.293%;\">100\/150<\/td>\n<td style=\"width: 8.43675%;\">\u00a0 \u00a0 88<\/td>\n<td style=\"width: 9.09417%;\">\u00a0 \u00a0 5,9<\/td>\n<td style=\"width: 5.9472%;\">\u00a0 \u00a0 \u00a05,6<\/td>\n<td style=\"width: 5.9472%;\">\u00a0Zig-Zag<\/td>\n<\/tr>\n<tr>\n<td style=\"width: 10%;\">\u00a0 \u00a0 \u00a0 100 GD*<\/td>\n<td style=\"width: 6.95233%;\">1000<\/td>\n<td style=\"width: 7.40419%;\">\u00a0 420<\/td>\n<td style=\"width: 7.3225%;\">\u00a0 795<\/td>\n<td style=\"width: 7.05134%;\">\u00a01150<\/td>\n<td style=\"width: 6.99088%;\">\u00a0 360<\/td>\n<td style=\"width: 10.293%;\">100\/150<\/td>\n<td style=\"width: 8.43675%;\">\u00a0 \u00a0 94<\/td>\n<td style=\"width: 9.09417%;\">\u00a0 \u00a0 7,1<\/td>\n<td style=\"width: 5.9472%;\">\u00a0 \u00a0 \u00a07,5<\/td>\n<td style=\"width: 5.9472%;\"><span style=\"font-size: 10pt;\">\u00a0Line Burner<\/span><\/td>\n<\/tr>\n<tr>\n<td style=\"width: 10%;\">\u00a0 \u00a0 \u00a0 100 ED*<\/td>\n<td style=\"width: 6.95233%;\">1000<\/td>\n<td style=\"width: 7.40419%;\">\u00a0 415<\/td>\n<td style=\"width: 7.3225%;\">\u00a0 818<\/td>\n<td style=\"width: 7.05134%;\">\u00a01247<\/td>\n<td style=\"width: 6.99088%;\">\u00a0 380<\/td>\n<td style=\"width: 10.293%;\">130\/200<\/td>\n<td style=\"width: 8.43675%;\">\u00a0 \u00a0 83<\/td>\n<td style=\"width: 9.09417%;\">\u00a0 \u00a0 9,1<\/td>\n<td style=\"width: 5.9472%;\">\u00a0 \u00a0 \u00a09,6<\/td>\n<td style=\"width: 5.9472%;\">\u00a0Zig-Zag<\/td>\n<\/tr>\n<tr>\n<td style=\"width: 10%;\">\u00a0 \u00a0 \u00a0 120 GD*<\/td>\n<td style=\"width: 6.95233%;\">1200<\/td>\n<td style=\"width: 7.40419%;\">\u00a0 420<\/td>\n<td style=\"width: 7.3225%;\">\u00a0 795<\/td>\n<td style=\"width: 7.05134%;\">\u00a01354<\/td>\n<td style=\"width: 6.99088%;\">\u00a0 360<\/td>\n<td style=\"width: 10.293%;\">100\/150<\/td>\n<td style=\"width: 8.43675%;\">\u00a0 \u00a0 94<\/td>\n<td style=\"width: 9.09417%;\">\u00a0 \u00a0 7,1<\/td>\n<td style=\"width: 5.9472%;\">\u00a0 \u00a0 \u00a07,5<\/td>\n<td style=\"width: 5.9472%;\">\u00a0<span style=\"font-size: 10pt;\">Line Burner<\/span><\/td>\n<\/tr>\n<tr>\n<td style=\"width: 10%;\">\u00a0 \u00a0 \u00a0 130 ED<\/td>\n<td style=\"width: 6.95233%;\">1300<\/td>\n<td style=\"width: 7.40419%;\">\u00a0 415<\/td>\n<td style=\"width: 7.3225%;\">\u00a0 857<\/td>\n<td style=\"width: 7.05134%;\">\u00a01520<\/td>\n<td style=\"width: 6.99088%;\">\u00a0 407<\/td>\n<td style=\"width: 10.293%;\">130\/200<\/td>\n<td style=\"width: 8.43675%;\">\u00a0 \u00a0 89<\/td>\n<td style=\"width: 9.09417%;\">\u00a0 10,6<\/td>\n<td style=\"width: 5.9472%;\">\u00a0 \u00a010,8<\/td>\n<td style=\"width: 5.9472%;\">\u00a0Zig-Zag<\/td>\n<\/tr>\n<tr>\n<td style=\"width: 10%;\">\u00a0 \u00a0 \u00a0 140 AM<\/td>\n<td style=\"width: 6.95233%;\">1400<\/td>\n<td style=\"width: 7.40419%;\">\u00a0 450<\/td>\n<td style=\"width: 7.3225%;\">\u00a0 722<\/td>\n<td style=\"width: 7.05134%;\">1493<\/td>\n<td style=\"width: 6.99088%;\">\u00a0 401<\/td>\n<td style=\"width: 10.293%;\">130\/200<\/td>\n<td style=\"width: 8.43675%;\">\u00a0 \u00a0 92<\/td>\n<td style=\"width: 9.09417%;\">\u00a0 13,3<\/td>\n<td style=\"width: 5.9472%;\">\u00a0 \u00a012,9<\/td>\n<td style=\"width: 5.9472%;\">\u00a0 \u00a0 \u00a03QL<\/td>\n<\/tr>\n<tr>\n<td style=\"width: 10%;\">\u00a0 \u00a0 \u00a0 150 ED<\/td>\n<td style=\"width: 6.95233%;\">1500<\/td>\n<td style=\"width: 7.40419%;\">\u00a0 410<\/td>\n<td style=\"width: 7.3225%;\">\u00a0 938<\/td>\n<td style=\"width: 7.05134%;\">1708<\/td>\n<td style=\"width: 6.99088%;\">\u00a0 409<\/td>\n<td style=\"width: 10.293%;\">130\/200<\/td>\n<td style=\"width: 8.43675%;\">\u00a0 \u00a0 87<\/td>\n<td style=\"width: 9.09417%;\">\u00a0 11,1<\/td>\n<td style=\"width: 5.9472%;\">\u00a0 \u00a010,8<\/td>\n<td style=\"width: 5.9472%;\">\u00a0Zig-Zag<\/td>\n<\/tr>\n<tr>\n<td style=\"width: 10%;\">\u00a0 \u00a0 \u00a0 160 AM<\/td>\n<td style=\"width: 6.95233%;\">1603<\/td>\n<td style=\"width: 7.40419%;\">\u00a0 425<\/td>\n<td style=\"width: 7.3225%;\">\u00a0 704<\/td>\n<td style=\"width: 7.05134%;\">1690<\/td>\n<td style=\"width: 6.99088%;\">\u00a0 468<\/td>\n<td style=\"width: 10.293%;\">130\/200<\/td>\n<td style=\"width: 8.43675%;\">\u00a0 \u00a0 92<\/td>\n<td style=\"width: 9.09417%;\">\u00a0 16,5<\/td>\n<td style=\"width: 5.9472%;\">\u00a0 \u00a017,2<\/td>\n<td style=\"width: 5.9472%;\">\u00a05QV Leds<\/td>\n<\/tr>\n<tr>\n<td style=\"width: 10%;\">\u00a0 \u00a0 \u00a0 190 AM<\/td>\n<td style=\"width: 6.95233%;\">1901<\/td>\n<td style=\"width: 7.40419%;\">\u00a0 450<\/td>\n<td style=\"width: 7.3225%;\">\u00a0 722<\/td>\n<td style=\"width: 7.05134%;\">1993<\/td>\n<td style=\"width: 6.99088%;\">\u00a0 461<\/td>\n<td style=\"width: 10.293%;\">130\/200<\/td>\n<td style=\"width: 8.43675%;\">\u00a0 \u00a0 89<\/td>\n<td style=\"width: 9.09417%;\">\u00a0 19,0<\/td>\n<td style=\"width: 5.9472%;\">\u00a0 \u00a018,2<\/td>\n<td style=\"width: 5.9472%;\">\u00a0 \u00a0 \u00a03QL<\/td>\n<\/tr>\n<tr>\n<td style=\"width: 10%;\">\u00a0 \u00a0 \u00a0 200 ED<\/td>\n<td style=\"width: 6.95233%;\">1900<\/td>\n<td style=\"width: 7.40419%;\">\u00a0 430<\/td>\n<td style=\"width: 7.3225%;\">1026<\/td>\n<td style=\"width: 7.05134%;\">2215<\/td>\n<td style=\"width: 6.99088%;\">\u00a0 465<\/td>\n<td style=\"width: 10.293%;\">130\/200<\/td>\n<td style=\"width: 8.43675%;\">\u00a0 \u00a0 90<\/td>\n<td style=\"width: 9.09417%;\">\u00a0 15,5\u2666\u2666<\/td>\n<td style=\"width: 5.9472%;\">\u00a0 \u00a016,7<\/td>\n<td style=\"width: 5.9472%;\">\u00a0Zig-Zag<\/td>\n<\/tr>\n<tr>\n<td style=\"width: 10%;\">\u00a0 \u00a0 \u00a0 240 EE<\/td>\n<td style=\"width: 6.95233%;\">2376<\/td>\n<td style=\"width: 7.40419%;\">\u00a0 375<\/td>\n<td style=\"width: 7.3225%;\">1006<\/td>\n<td style=\"width: 7.05134%;\">2656<\/td>\n<td style=\"width: 6.99088%;\">\u00a0 398<\/td>\n<td style=\"width: 10.293%;\">130\/200<\/td>\n<td style=\"width: 8.43675%;\">\u00a0 \u00a0 89<\/td>\n<td style=\"width: 9.09417%;\">\u00a0 19,9<\/td>\n<td style=\"width: 5.9472%;\">\u00a0 \u00a017,6<\/td>\n<td style=\"width: 5.9472%;\">\u00a0 \u00a0 3QL<\/td>\n<\/tr>\n<\/tbody>\n<\/table>\n<p><strong>\u2666\u2666Modelo 200 ED &#8211; Propano s\u00f3lo con extractor de humos.<\/strong><\/p>\n<p><img fetchpriority=\"high\" decoding=\"async\" class=\"alignnone wp-image-43286\" src=\"https:\/\/www.ambifuego.net\/wp-content\/uploads\/2017\/09\/frente-salida-lateral-_optimized.jpg\" alt=\"\" width=\"309\" height=\"257\" srcset=\"https:\/\/www.ambifuego.net\/wp-content\/uploads\/2017\/09\/frente-salida-lateral-_optimized.jpg 380w, https:\/\/www.ambifuego.net\/wp-content\/uploads\/2017\/09\/frente-salida-lateral-_optimized-325x270.jpg 325w, https:\/\/www.ambifuego.net\/wp-content\/uploads\/2017\/09\/frente-salida-lateral-_optimized-378x316.jpg 378w\" sizes=\"(max-width: 309px) 100vw, 309px\" \/><img decoding=\"async\" class=\"alignnone wp-image-43280\" src=\"https:\/\/www.ambifuego.net\/wp-content\/uploads\/2021\/07\/frente-salida-centro_optimized.jpg\" alt=\"\" width=\"309\" height=\"257\" srcset=\"https:\/\/www.ambifuego.net\/wp-content\/uploads\/2021\/07\/frente-salida-centro_optimized.jpg 380w, https:\/\/www.ambifuego.net\/wp-content\/uploads\/2021\/07\/frente-salida-centro_optimized-325x270.jpg 325w, https:\/\/www.ambifuego.net\/wp-content\/uploads\/2021\/07\/frente-salida-centro_optimized-378x316.jpg 378w\" sizes=\"(max-width: 309px) 100vw, 309px\" \/><\/p>\n<p>&nbsp;<\/p>\n<p><\/div>\n\t\t<\/div><div class='yrm-btn-wrapper yrm-btn-wrapper-1 yrm-more-button-wrapper  '\n\t\tdata-custom-more-class-name='' data-custom-less-class-name=''><span title='' data-less-title='' data-more-title='' class='yrm-toggle-expand  yrm-toggle-expand-1 ' data-rel='yrm-wo0pZ' data-more='Weiterlesen ' data-less='Schliessen'><span class='yrm-text-wrapper yrm-text-wrapper-custom-dimensions'><span class=\"yrm-button-text-1 yrm-button-text-span\">Weiterlesen <\/span><\/span><\/span><\/div>\n","protected":false},"excerpt":{"rendered":"[caption id=\"attachment_43608\" align=\"alignnone\" width=\"480\"]<img decoding=\"async\" class=\"size-full wp-image-43608\" src=\"https:\/\/www.ambifuego.net\/wp-content\/uploads\/2017\/09\/70-gd-_optimized.jpg\" alt=\"Zimmer Gaskamin 70 cm\" width=\"480\" height=\"320\" srcset=\"https:\/\/www.ambifuego.net\/wp-content\/uploads\/2017\/09\/70-gd-_optimized.jpg 480w, https:\/\/www.ambifuego.net\/wp-content\/uploads\/2017\/09\/70-gd-_optimized-405x270.jpg 405w\" sizes=\"(max-width: 480px) 100vw, 480px\" \/> Zimmer Gaskamin 70 cm[\/caption]\n","protected":false},"featured_media":76698,"template":"","meta":[],"product_brand":[],"product_cat":[552,352],"product_tag":[],"class_list":{"0":"post-17533","1":"product","2":"type-product","3":"status-publish","4":"has-post-thumbnail","6":"product_cat-front-kamine-gas","7":"product_cat-gas-kamine-oefen-heizkoerper","9":"first","10":"instock","11":"shipping-taxable","12":"product-type-simple"},"_links":{"self":[{"href":"https:\/\/www.ambifuego.net\/de\/wp-json\/wp\/v2\/product\/17533","targetHints":{"allow":["GET"]}}],"collection":[{"href":"https:\/\/www.ambifuego.net\/de\/wp-json\/wp\/v2\/product"}],"about":[{"href":"https:\/\/www.ambifuego.net\/de\/wp-json\/wp\/v2\/types\/product"}],"version-history":[{"count":0,"href":"https:\/\/www.ambifuego.net\/de\/wp-json\/wp\/v2\/product\/17533\/revisions"}],"wp:featuredmedia":[{"embeddable":true,"href":"https:\/\/www.ambifuego.net\/de\/wp-json\/wp\/v2\/media\/76698"}],"wp:attachment":[{"href":"https:\/\/www.ambifuego.net\/de\/wp-json\/wp\/v2\/media?parent=17533"}],"wp:term":[{"taxonomy":"product_brand","embeddable":true,"href":"https:\/\/www.ambifuego.net\/de\/wp-json\/wp\/v2\/product_brand?post=17533"},{"taxonomy":"product_cat","embeddable":true,"href":"https:\/\/www.ambifuego.net\/de\/wp-json\/wp\/v2\/product_cat?post=17533"},{"taxonomy":"product_tag","embeddable":true,"href":"https:\/\/www.ambifuego.net\/de\/wp-json\/wp\/v2\/product_tag?post=17533"}],"curies":[{"name":"wp","href":"https:\/\/api.w.org\/{rel}","templated":true}]}}