{"id":17528,"date":"2017-09-12T17:39:50","date_gmt":"2017-09-12T17:39:50","guid":{"rendered":"https:\/\/www.ambifuego.net\/xtempx\/web17\/producto\/cosmo-xxl-vorne-und-tunnel\/"},"modified":"2025-08-19T13:32:14","modified_gmt":"2025-08-19T11:32:14","slug":"qualitaetsgaskamine-hohe-breites-format","status":"publish","type":"product","link":"https:\/\/www.ambifuego.net\/de\/producto\/qualitaetsgaskamine-hohe-breites-format\/","title":{"rendered":"HOHE BREITES GASKAMIN 180 XL"},"content":{"rendered":"<h2 style=\"text-align: justify;\"><span style=\"font-family: verdana, geneva, sans-serif; font-size: 12pt;\">Qualit\u00e4tsgaskamine Hohe und Breites Format, solider und inspiriender Gaskamine.<\/span><\/h2>\n<p style=\"text-align: justify;\"><span style=\"font-family: verdana, geneva, sans-serif;\">Bei jedem <a href=\"https:\/\/www.ambifuego.net\/de\/articulos\/gas-kamine-oefen-heizkoerper\/\" target=\"_blank\" rel=\"noopener\">Gaskamin<\/a>, den wir entwerfen, stellen wir uns vor, welche Rolle ein Kamin im Leben unserer Kunden spielt. Ein optimales Erlebnis aus W\u00e4rme, Atmosph\u00e4re und Komfort. Neue nachhaltige Gasfeuerungen bieten Innovationen im Bereich der Energieeinsparung (Energielabel A) oder der Verwendung von Propangas. Die Kombination einer W\u00e4rmepumpe mit einem Kamin ist auch eine nachhaltige und zukunftssichere Alternative. Eine W\u00e4rmepumpe sorgt f\u00fcr eine Grundw\u00e4rmeversorgung, die durch die Strahlungsw\u00e4rme eines Gaskamins an kalten Wintertagen erg\u00e4nzt wird.<\/span><\/p>\n<div class='yrm-content yrm-content-1 yrm-content-hide  ' id='yrm-bixWH' data-id='1' data-show-status='false' data-after-action='' style=\"visibility: hidden;height: 0;\">\n\t\t\t<div id='yrm-inner-content-yrm-bixWH' class='yrm-inner-content-wrapper yrm-cntent-1'><\/p>\n<h3><span style=\"font-family: verdana, geneva, sans-serif; font-size: 12pt;\">Qualit\u00e4tsgaskamine Hohe und Breites Format bilden ein architektonisch beeindruckender Feueratmosph\u00e4re.<\/span><\/h3>\n<p style=\"text-align: justify;\"><span style=\"font-family: verdana, geneva, sans-serif;\">Wir haben eine grosse Auswahl an Gaskamine, die mit ihre t\u00e4uschende echte Flammenbild lassen sich kaum von einem Holzfeuer unterscheiden. Das Ein- und Ausschalten erfolt bequem auf Knopfdruck.<\/span><\/p>\n<div class=\"row\" style=\"text-align: justify;\">\n<div class=\"col-sm-12\">\n<div class=\"block block-nomargin\">\n<p><span style=\"font-family: verdana, geneva, sans-serif;\">Ein guter Beispiel von einem Qualit\u00e4tsgaskamine Hohe Breites Format ist der <a href=\"https:\/\/www.drufire.com\/de-de\/sortiment\/dru\/cosmo\/cosmo-eco-wave\" target=\"_blank\" rel=\"noopener\">Cosmo <em>Eco Wave<\/em><\/a>. Das Modell Cosmo ist ein solider und inspirierender Gaskamin f\u00fcr ein gro\u00dfes Zuhause, ein gro\u00dfz\u00fcgiges Apartment oder Hotels und Restaurants. Mit seinem 1,8 m Breite und raumluftunabh\u00e4ngig hat er einer Heizleistung von 15,7 kW. Er verf\u00fcgt \u00fcber ein authentisches Holzfeuer-Display und kann an einer Wand installiert oder mit passenden Kaminsimsen kombiniert werden<\/span><\/p>\n<\/div>\n<\/div>\n<\/div>\n<p style=\"text-align: justify;\"><span style=\"font-family: verdana, geneva, sans-serif;\">Mit diese Kamine\u00a0k\u00f6nnen Sie endlos ein wundersch\u00f6nes Flammenspiel genie\u00dfen. Die H\u00f6he des Feuers und die Heizleistung sind einstellbar, so dass Sie dieses stimmungsvolle Feuer zu jeder Jahreszeit genie\u00dfen k\u00f6nnen. Einzigartig an diesem Kamin ist das sch\u00f6ne hohe Glasscheibe. Aufgrund des hohen Wirkungsgrades ist dieser Kamin sehr energieeffizient und umweltfreundlich.<\/span><\/p>\n<ul>\n<li style=\"text-align: justify;\"><span style=\"font-family: verdana, geneva, sans-serif;\">Qualit\u00e4tsgaskamine Hohe Breites Format<\/span><\/li>\n<li style=\"text-align: justify;\"><span style=\"font-family: verdana, geneva, sans-serif;\">Hohe \/ Breitere Glasscheibe<\/span><\/li>\n<li style=\"text-align: justify;\"><span style=\"font-family: verdana, geneva, sans-serif;\">Front Einbau Gaskamine<\/span><\/li>\n<li style=\"text-align: justify;\"><span style=\"font-family: verdana, geneva, sans-serif;\">Gas Propan &#8211; Erdgas<\/span><\/li>\n<li style=\"text-align: justify;\"><span style=\"font-family: verdana, geneva, sans-serif;\">Verbrennungsluft von aussen<\/span><\/li>\n<li style=\"text-align: justify;\"><span style=\"font-family: verdana, geneva, sans-serif;\">Keramik-Holz oder Steine Dekor<\/span><\/li>\n<li style=\"text-align: justify;\"><span style=\"font-family: verdana, geneva, sans-serif;\">Led-Glutbett<\/span><\/li>\n<li><span style=\"font-family: verdana, geneva, sans-serif;\">Fernbedienung<\/span><\/li>\n<li><span style=\"font-family: verdana, geneva, sans-serif;\">Standardglas, Entspielgeltes Glas<\/span><\/li>\n<li><span style=\"font-family: verdana, geneva, sans-serif;\">Einfache Wartung (Easy realease door) <\/span><\/li>\n<li><span style=\"font-family: verdana, geneva, sans-serif;\">*- <a href=\"https:\/\/www.ambifuego.net\/wp-content\/uploads\/2022\/05\/DRU-ALEMAN.22_compressed.pdf\">Katalog<\/a> &#8211;<a href=\"https:\/\/www.drufire.com\/de-de\/sortiment\/dru\/metro\/metro-130xt-3-eco-wave\">Video<\/a>\u00a0<\/span><\/li>\n<li><span style=\"font-family: verdana, geneva, sans-serif;\"><a href=\"https:\/\/www.ambifuego.net\/de\/kontakt\/\">Preise auf Anfrage<\/a><\/span><\/li>\n<\/ul>\n<p><\/div>\n\t\t<\/div><div class='yrm-btn-wrapper yrm-btn-wrapper-1 yrm-more-button-wrapper  '\n\t\tdata-custom-more-class-name='' data-custom-less-class-name=''><span title='' data-less-title='' data-more-title='' class='yrm-toggle-expand  yrm-toggle-expand-1 ' data-rel='yrm-bixWH' data-more='Weiterlesen ' data-less='Schliessen'><span class='yrm-text-wrapper yrm-text-wrapper-custom-dimensions'><span class=\"yrm-button-text-1 yrm-button-text-span\">Weiterlesen <\/span><\/span><\/span><\/div>\n","protected":false},"excerpt":{"rendered":"<p><span style=\"font-family: verdana, geneva, sans-serif; font-size: 14pt;\">Qualit\u00e4tsgaskamine Hohe und Breites Format bilden ein architektonisch beeindruckender Feueratmosph\u00e4re.<\/span><\/p>\n","protected":false},"featured_media":80067,"template":"","meta":[],"product_brand":[],"product_cat":[544,352],"product_tag":[],"class_list":{"0":"post-17528","1":"product","2":"type-product","3":"status-publish","4":"has-post-thumbnail","6":"product_cat-groser-breiter-ansicht-gaskamin","7":"product_cat-gas-kamine-oefen-heizkoerper","9":"first","10":"instock","11":"shipping-taxable","12":"product-type-simple"},"_links":{"self":[{"href":"https:\/\/www.ambifuego.net\/de\/wp-json\/wp\/v2\/product\/17528","targetHints":{"allow":["GET"]}}],"collection":[{"href":"https:\/\/www.ambifuego.net\/de\/wp-json\/wp\/v2\/product"}],"about":[{"href":"https:\/\/www.ambifuego.net\/de\/wp-json\/wp\/v2\/types\/product"}],"version-history":[{"count":0,"href":"https:\/\/www.ambifuego.net\/de\/wp-json\/wp\/v2\/product\/17528\/revisions"}],"wp:featuredmedia":[{"embeddable":true,"href":"https:\/\/www.ambifuego.net\/de\/wp-json\/wp\/v2\/media\/80067"}],"wp:attachment":[{"href":"https:\/\/www.ambifuego.net\/de\/wp-json\/wp\/v2\/media?parent=17528"}],"wp:term":[{"taxonomy":"product_brand","embeddable":true,"href":"https:\/\/www.ambifuego.net\/de\/wp-json\/wp\/v2\/product_brand?post=17528"},{"taxonomy":"product_cat","embeddable":true,"href":"https:\/\/www.ambifuego.net\/de\/wp-json\/wp\/v2\/product_cat?post=17528"},{"taxonomy":"product_tag","embeddable":true,"href":"https:\/\/www.ambifuego.net\/de\/wp-json\/wp\/v2\/product_tag?post=17528"}],"curies":[{"name":"wp","href":"https:\/\/api.w.org\/{rel}","templated":true}]}}