{"id":17526,"date":"2017-09-07T14:16:58","date_gmt":"2017-09-07T14:16:58","guid":{"rendered":"https:\/\/www.ambifuego.net\/xtempx\/web17\/producto\/sevilla-22\/"},"modified":"2025-10-27T13:20:34","modified_gmt":"2025-10-27T12:20:34","slug":"gaskamin-offen-flammen-romantik","status":"publish","type":"product","link":"https:\/\/www.ambifuego.net\/de\/producto\/gaskamin-offen-flammen-romantik\/","title":{"rendered":"Sevilla 22\u201d Gaskamin"},"content":{"rendered":"<p style=\"text-align: justify;\"><span style=\"font-family: verdana, geneva, sans-serif; text-align: justify;\">Gaskamin offen <em>Flammen Romantik<\/em>, <strong>Sevilla 22<\/strong>&#8222;. Wer ein offenes Feuer im Raum unkompliziert und ohne Aufwand betreiben und genie\u00dfen m\u00f6chte, liegt mit dem Gaskamin genau richtig. <\/span><\/p>\n<p style=\"text-align: justify;\"><span style=\"font-family: verdana, geneva, sans-serif; text-align: justify;\">Durch die vergleichsweise einfache Installation von Kamin und Abgasf\u00fchrung sowie den hohen Wirkungsgrad und die saubere Verbrennung ist der Gaskamin eine echte Alternative zur holzbefeuerten Variante.<\/span><\/p>\n<div class='yrm-content yrm-content-1 yrm-content-hide  ' id='yrm-kxSNG' data-id='1' data-show-status='false' data-after-action='' style=\"visibility: hidden;height: 0;\">\n\t\t\t<div id='yrm-inner-content-yrm-kxSNG' class='yrm-inner-content-wrapper yrm-cntent-1'><\/p>\n<p style=\"text-align: justify;\"><span style=\"font-family: verdana, geneva, sans-serif; text-align: justify;\">Der ist ein <strong>Einbaugaskamin<\/strong> ideal f\u00fcr alle, die keine M\u00f6glichkeit oder keine Lust haben, mit Holz zu heizen, Die Ger\u00e4te werden per Hand- oder Fernbedienung bedient, verf\u00fcgen \u00fcber eine vollautomatische Heiztechnik, esparen l\u00e4stiges Holz nachlegen und reinigen der Feuerstelle. Am Flammenbild ist fast kein Unterscheid zwischen Holz- und Gasfeuer zu erkennen.<\/span><\/p>\n<p style=\"text-align: justify;\"><span style=\"font-family: verdana, geneva, sans-serif;\">Das Model Sevilla 22&#8243; ist ein \u00d6fenener Strahlungsw\u00e4rme Gaskamin mit einer Blende. Sevilla 22&#8243;gibt eine starke W\u00e4rme herum ab und hat eine Leistung von 5,5 kW.\u00a0<\/span><\/p>\n<h2 style=\"text-align: justify;\"><span style=\"font-size: 12pt; font-family: verdana, geneva, sans-serif;\"><strong>Gaskamin offen Flammen Romantik Vorteile;<\/strong><\/span><\/h2>\n<p style=\"text-align: justify;\"><span style=\"font-family: verdana, geneva, sans-serif;\">Neben seiner einfachen und sauberen Betriebsweise hat ein Gaskamin noch weitere Vorteile. Dazu geh\u00f6ren eine effiziente Verbrennung mit hohem Wirkungsgrad, bei der Benutzung entstehen durch die saubere Verbrennung des Gases kaum Emissionen. Der Betrieb selbst l\u00e4sst sich einfach per Knopfdruck oder \u00fcber eine Fernbedienung vom Sofa aus steuern. Auf ein Holzlager und den umst\u00e4ndlichen Einkauf des Brennmaterials k\u00f6nnen Sie verzichten, zumindest dann, wenn der Kamin direkt \u00fcber den Gasanschluss versorgt wird, haben Sie keinen weiteren Aufwand.<\/span><\/p>\n<p style=\"text-align: justify;\"><span style=\"font-family: verdana, geneva, sans-serif;\">Die Bedienung erfolgt direkt am Ger\u00e4t \u00fcber eine Knopfschaltung oder alternativ \u00fcber eine Fernbedienung sowie per Zeitschaltuhr. W\u00e4rmeleistung, St\u00e4rke der Flamme und Optik k\u00f6nnen stufenlos geregelt werden.\u00a0 Da beim Verbrennen von Gas kein Feinstaub und kaum Rauch entstehen, ist hierf\u00fcr kein gemauerter Schornstein n\u00f6tig. Als Abzug reicht ein Edelsteinrohr, das sich an die meisten Geb\u00e4ude problemlos anbringen l\u00e4sst und den entstehenden Rauch \u00fcbers Dach abf\u00fchrt<\/span><\/p>\n<p style=\"text-align: justify;\"><span style=\"font-family: verdana, geneva, sans-serif;\">Der\u00a0<b>offene Gaskamin<\/b>\u00a0erw\u00e4rmt den Raum direkt durch seine\u00a0<b>Flamme <\/b>und die Luftversorgung erfolgt \u00fcber eine Zuluft\u00f6ffnung oder direkt aus dem Aufstellraum<\/span><\/p>\n<ul>\n<li><span style=\"font-family: verdana, geneva, sans-serif;\">Gaskamin offen Flammen Romantik<\/span><\/li>\n<li><span style=\"font-family: verdana, geneva, sans-serif;\">Einbaukamin- Frontkamin\u00a0<\/span><\/li>\n<li><span id=\"result_box\" class=\"\" lang=\"de\" style=\"font-family: verdana, geneva, sans-serif;\">Betrieben mit Propan oder Erdgas<br \/>\n<\/span><\/li>\n<li><span style=\"font-family: verdana, geneva, sans-serif;\">Offene Verbrennung mit Kamin<\/span><\/li>\n<li><span id=\"result_box\" class=\"\" lang=\"de\" style=\"font-family: verdana, geneva, sans-serif;\">Hochwertiger Brenner<br \/>\n<\/span><\/li>\n<li><span id=\"result_box\" class=\"\" lang=\"de\" style=\"font-family: verdana, geneva, sans-serif;\">Flammen Effeckt ist mit Keramik-Kohlen<br \/>\n<\/span><\/li>\n<li><span id=\"result_box\" class=\"\" lang=\"de\" style=\"font-family: verdana, geneva, sans-serif;\">Die Z\u00fcndung erfolg durch Elektronischer Piezo<br \/>\n<\/span><\/li>\n<li><span id=\"result_box\" class=\"\" lang=\"de\" style=\"font-family: verdana, geneva, sans-serif;\">Sicherheitssystem O.D.S.<br \/>\n<\/span><\/li>\n<li><span id=\"result_box\" class=\"\" lang=\"de\" style=\"font-family: verdana, geneva, sans-serif;\">Austauschbarer magnetischer Rahmen<br \/>\n<\/span><\/li>\n<li><span id=\"result_box\" class=\"\" lang=\"de\" style=\"font-family: verdana, geneva, sans-serif;\">Nettoleistung: 5,5 Kw \/ h<br \/>\n<\/span><\/li>\n<li><span style=\"font-family: verdana, geneva, sans-serif;\">Kein 90\u00ba Winkel erlaub<\/span><\/li>\n<li><span style=\"font-family: verdana, geneva, sans-serif;\">Fernbedienung m\u00f6glich<\/span><\/li>\n<li><span style=\"font-family: verdana, geneva, sans-serif;\">*Weitere Infos &#8211; <a href=\"https:\/\/www.ambifuego.net\/wp-content\/uploads\/2021\/12\/catalogo-Ambifuego-2021-20kb_compressed.pdf\" target=\"_blank\" rel=\"noopener\">Katalog<\/a> &#8211; <a href=\"https:\/\/www.youtube.com\/watch?v=-0H40TZYm1g&amp;ab_channel=ambifuegosur\" target=\"_blank\" rel=\"noopener\">Video &#8211;<\/a><\/span><\/li>\n<\/ul>\n<p><\/div>\n\t\t<\/div><div class='yrm-btn-wrapper yrm-btn-wrapper-1 yrm-more-button-wrapper  '\n\t\tdata-custom-more-class-name='' data-custom-less-class-name=''><span title='' data-less-title='' data-more-title='' class='yrm-toggle-expand  yrm-toggle-expand-1 ' data-rel='yrm-kxSNG' data-more='Mehr erfahren ' data-less='Read less'><span class='yrm-text-wrapper yrm-text-wrapper-custom-dimensions'><span class=\"yrm-button-text-1 yrm-button-text-span\">Mehr erfahren <\/span><\/span><\/span><\/div>\n","protected":false},"excerpt":{"rendered":"<p><span id=\"result_box\" class=\"\" lang=\"de\"><img fetchpriority=\"high\" decoding=\"async\" class=\"alignnone size-full wp-image-43638\" src=\"https:\/\/www.ambifuego.net\/wp-content\/uploads\/2017\/09\/sevilla1-1.jpg\" alt=\"\" width=\"640\" height=\"480\" srcset=\"https:\/\/www.ambifuego.net\/wp-content\/uploads\/2017\/09\/sevilla1-1.jpg 640w, https:\/\/www.ambifuego.net\/wp-content\/uploads\/2017\/09\/sevilla1-1-480x360.jpg 480w, https:\/\/www.ambifuego.net\/wp-content\/uploads\/2017\/09\/sevilla1-1-360x270.jpg 360w, https:\/\/www.ambifuego.net\/wp-content\/uploads\/2017\/09\/sevilla1-1-585x439.jpg 585w\" sizes=\"(max-width: 640px) 100vw, 640px\" \/><\/span><span id=\"result_box\" class=\"\" lang=\"de\"><br \/>\n<\/span><\/p>\n","protected":false},"featured_media":80343,"template":"","meta":[],"product_brand":[],"product_cat":[353],"product_tag":[],"class_list":{"0":"post-17526","1":"product","2":"type-product","3":"status-publish","4":"has-post-thumbnail","6":"product_cat-hersteller-gaskamine-klein-einbau","8":"first","9":"instock","10":"shipping-taxable","11":"product-type-simple"},"_links":{"self":[{"href":"https:\/\/www.ambifuego.net\/de\/wp-json\/wp\/v2\/product\/17526","targetHints":{"allow":["GET"]}}],"collection":[{"href":"https:\/\/www.ambifuego.net\/de\/wp-json\/wp\/v2\/product"}],"about":[{"href":"https:\/\/www.ambifuego.net\/de\/wp-json\/wp\/v2\/types\/product"}],"version-history":[{"count":0,"href":"https:\/\/www.ambifuego.net\/de\/wp-json\/wp\/v2\/product\/17526\/revisions"}],"wp:featuredmedia":[{"embeddable":true,"href":"https:\/\/www.ambifuego.net\/de\/wp-json\/wp\/v2\/media\/80343"}],"wp:attachment":[{"href":"https:\/\/www.ambifuego.net\/de\/wp-json\/wp\/v2\/media?parent=17526"}],"wp:term":[{"taxonomy":"product_brand","embeddable":true,"href":"https:\/\/www.ambifuego.net\/de\/wp-json\/wp\/v2\/product_brand?post=17526"},{"taxonomy":"product_cat","embeddable":true,"href":"https:\/\/www.ambifuego.net\/de\/wp-json\/wp\/v2\/product_cat?post=17526"},{"taxonomy":"product_tag","embeddable":true,"href":"https:\/\/www.ambifuego.net\/de\/wp-json\/wp\/v2\/product_tag?post=17526"}],"curies":[{"name":"wp","href":"https:\/\/api.w.org\/{rel}","templated":true}]}}