{"id":78452,"date":"2025-09-25T10:39:18","date_gmt":"2025-09-25T08:39:18","guid":{"rendered":"https:\/\/www.ambifuego.net\/mediathek-2\/"},"modified":"2025-09-26T17:10:33","modified_gmt":"2025-09-26T15:10:33","slug":"bildergalerie","status":"publish","type":"page","link":"https:\/\/www.ambifuego.net\/de\/bildergalerie\/","title":{"rendered":"Mediathek."},"content":{"rendered":"\t\t<div data-elementor-type=\"wp-page\" data-elementor-id=\"78452\" class=\"elementor elementor-78452\" data-elementor-post-type=\"page\">\n\t\t\t\t<div class=\"elementor-element elementor-element-6bdec8c1 e-flex e-con-boxed e-con e-parent\" data-id=\"6bdec8c1\" data-element_type=\"container\" data-e-type=\"container\" data-settings=\"{&quot;background_background&quot;:&quot;classic&quot;}\">\n\t\t\t\t\t<div class=\"e-con-inner\">\n\t\t\t\t<div class=\"elementor-element elementor-element-3ae9312 elementor-widget elementor-widget-heading\" data-id=\"3ae9312\" data-element_type=\"widget\" data-e-type=\"widget\" data-widget_type=\"heading.default\">\n\t\t\t\t<div class=\"elementor-widget-container\">\n\t\t\t\t\t<h2 class=\"elementor-heading-title elementor-size-default\">Bildergalerie von Gas-, Elektro- und Holzkaminen<\/h2>\t\t\t\t<\/div>\n\t\t\t\t<\/div>\n\t\t\t\t<div class=\"elementor-element elementor-element-8820b2d elementor-widget-divider--view-line elementor-widget elementor-widget-divider\" data-id=\"8820b2d\" data-element_type=\"widget\" data-e-type=\"widget\" data-widget_type=\"divider.default\">\n\t\t\t\t<div class=\"elementor-widget-container\">\n\t\t\t\t\t\t\t<div class=\"elementor-divider\">\n\t\t\t<span class=\"elementor-divider-separator\">\n\t\t\t\t\t\t<\/span>\n\t\t<\/div>\n\t\t\t\t\t\t<\/div>\n\t\t\t\t<\/div>\n\t\t\t\t<div class=\"elementor-element elementor-element-366e80d elementor-widget elementor-widget-text-editor\" data-id=\"366e80d\" data-element_type=\"widget\" data-e-type=\"widget\" data-widget_type=\"text-editor.default\">\n\t\t\t\t<div class=\"elementor-widget-container\">\n\t\t\t\t\t\t\t\t\t<p>Mediathek Bildergalerie Kaminhersteller Spanien \u2013 In diesem Bereich zeigen wir Ihnen eine Auswahl unserer Kaminmodelle und einige Beispiele unserer Arbeit. Jedes Projekt zeigt eine Kombination aus Design, Effizienz und Qualit\u00e4t unsere Arbeiten.<\/p>\t\t\t\t\t\t\t\t<\/div>\n\t\t\t\t<\/div>\n\t\t\t\t<div class=\"elementor-element elementor-element-42d834d elementor-widget elementor-widget-image-gallery\" data-id=\"42d834d\" data-element_type=\"widget\" data-e-type=\"widget\" data-widget_type=\"image-gallery.default\">\n\t\t\t\t<div class=\"elementor-widget-container\">\n\t\t\t\t\t\t\t<div class=\"elementor-image-gallery\">\n\t\t\t<div id='gallery-1' class='gallery galleryid-78452 gallery-columns-4 gallery-size-woocommerce_thumbnail'><figure class='gallery-item'>\n\t\t\t<div class='gallery-icon landscape'>\n\t\t\t\t<a data-elementor-open-lightbox=\"yes\" data-elementor-lightbox-slideshow=\"42d834d\" data-elementor-lightbox-title=\"80-ED-ESQUINA-_1050x700px_1_DRU_Lugo_80-\" data-elementor-lightbox-description=\"Eck-Gaskamin 80\" data-e-action-hash=\"#elementor-action%3Aaction%3Dlightbox%26settings%3DeyJpZCI6Nzc2NTMsInVybCI6Imh0dHBzOlwvXC93d3cuYW1iaWZ1ZWdvLm5ldFwvd3AtY29udGVudFwvdXBsb2Fkc1wvMjAyNVwvMDlcLzgwLUVELUVTUVVJTkEtXzEwNTB4NzAwcHhfMV9EUlVfTHVnb184MC0yX25fMTF6b25fMTF6b25fMTF6b24ud2VicCIsInNsaWRlc2hvdyI6IjQyZDgzNGQifQ%3D%3D\" href='https:\/\/www.ambifuego.net\/wp-content\/uploads\/2025\/09\/80-ED-ESQUINA-_1050x700px_1_DRU_Lugo_80-2_n_11zon_11zon_11zon.webp'><img fetchpriority=\"high\" decoding=\"async\" width=\"400\" height=\"295\" src=\"https:\/\/www.ambifuego.net\/wp-content\/uploads\/2025\/09\/80-ED-ESQUINA-_1050x700px_1_DRU_Lugo_80-2_n_11zon_11zon_11zon-400x295.webp\" class=\"attachment-woocommerce_thumbnail size-woocommerce_thumbnail\" alt=\"Eck-Gaskamin 80\" aria-describedby=\"gallery-1-77653\" \/><\/a>\n\t\t\t<\/div>\n\t\t\t\t<figcaption class='wp-caption-text gallery-caption' id='gallery-1-77653'>\n\t\t\t\tEck-Gaskamin 80\n\t\t\t\t<\/figcaption><\/figure><figure class='gallery-item'>\n\t\t\t<div class='gallery-icon landscape'>\n\t\t\t\t<a data-elementor-open-lightbox=\"yes\" data-elementor-lightbox-slideshow=\"42d834d\" data-elementor-lightbox-title=\"QUEMADOR EXTERIOR RECTANGULO_11zon_11zon\" data-elementor-lightbox-description=\"quemador exterior rectangular gas\" data-e-action-hash=\"#elementor-action%3Aaction%3Dlightbox%26settings%3DeyJpZCI6NzcyMDIsInVybCI6Imh0dHBzOlwvXC93d3cuYW1iaWZ1ZWdvLm5ldFwvd3AtY29udGVudFwvdXBsb2Fkc1wvMjAyNVwvMDhcL1FVRU1BRE9SLUVYVEVSSU9SLVJFQ1RBTkdVTE9fMTF6b25fMTF6b24ud2VicCIsInNsaWRlc2hvdyI6IjQyZDgzNGQifQ%3D%3D\" href='https:\/\/www.ambifuego.net\/wp-content\/uploads\/2025\/08\/QUEMADOR-EXTERIOR-RECTANGULO_11zon_11zon.webp'><img decoding=\"async\" width=\"400\" height=\"295\" src=\"https:\/\/www.ambifuego.net\/wp-content\/uploads\/2025\/08\/QUEMADOR-EXTERIOR-RECTANGULO_11zon_11zon-400x295.webp\" class=\"attachment-woocommerce_thumbnail size-woocommerce_thumbnail\" alt=\"Mediathek Bildergalerie Kaminhersteller Spanien - quemador exterior rectangular gas\" aria-describedby=\"gallery-1-77202\" \/><\/a>\n\t\t\t<\/div>\n\t\t\t\t<figcaption class='wp-caption-text gallery-caption' id='gallery-1-77202'>\n\t\t\t\tquemador exterior rectangular gas\n\t\t\t\t<\/figcaption><\/figure><figure class='gallery-item'>\n\t\t\t<div class='gallery-icon landscape'>\n\t\t\t\t<a data-elementor-open-lightbox=\"yes\" data-elementor-lightbox-slideshow=\"42d834d\" data-elementor-lightbox-title=\"parrillas bbq acero inoxidable\" data-elementor-lightbox-description=\"barbacoa gas acero inoxidable \" data-e-action-hash=\"#elementor-action%3Aaction%3Dlightbox%26settings%3DeyJpZCI6NzcxOTcsInVybCI6Imh0dHBzOlwvXC93d3cuYW1iaWZ1ZWdvLm5ldFwvd3AtY29udGVudFwvdXBsb2Fkc1wvMjAyNVwvMDhcL3BhcnJpbGxhcy1jb24tYWxpbWVudG9zXzExem9uLTFfMTF6b24ud2VicCIsInNsaWRlc2hvdyI6IjQyZDgzNGQifQ%3D%3D\" href='https:\/\/www.ambifuego.net\/wp-content\/uploads\/2025\/08\/parrillas-con-alimentos_11zon-1_11zon.webp'><img decoding=\"async\" width=\"400\" height=\"295\" src=\"https:\/\/www.ambifuego.net\/wp-content\/uploads\/2025\/08\/parrillas-con-alimentos_11zon-1_11zon-400x295.webp\" class=\"attachment-woocommerce_thumbnail size-woocommerce_thumbnail\" alt=\"barbacoa gas acero inoxidable\" aria-describedby=\"gallery-1-77197\" \/><\/a>\n\t\t\t<\/div>\n\t\t\t\t<figcaption class='wp-caption-text gallery-caption' id='gallery-1-77197'>\n\t\t\t\tbarbacoa gas acero inoxidable \n\t\t\t\t<\/figcaption><\/figure><figure class='gallery-item'>\n\t\t\t<div class='gallery-icon landscape'>\n\t\t\t\t<a data-elementor-open-lightbox=\"yes\" data-elementor-lightbox-slideshow=\"42d834d\" data-elementor-lightbox-title=\"IRONHEARTH ESSE_11zon_11zon\" data-elementor-lightbox-description=\"cocina fundicion ironhearth fundici\u00f3n le\u00f1a\" data-e-action-hash=\"#elementor-action%3Aaction%3Dlightbox%26settings%3DeyJpZCI6NzcxOTMsInVybCI6Imh0dHBzOlwvXC93d3cuYW1iaWZ1ZWdvLm5ldFwvd3AtY29udGVudFwvdXBsb2Fkc1wvMjAyNVwvMDhcL0lST05IRUFSVEgtRVNTRV8xMXpvbl8xMXpvbi53ZWJwIiwic2xpZGVzaG93IjoiNDJkODM0ZCJ9\" href='https:\/\/www.ambifuego.net\/wp-content\/uploads\/2025\/08\/IRONHEARTH-ESSE_11zon_11zon.webp'><img loading=\"lazy\" decoding=\"async\" width=\"400\" height=\"295\" src=\"https:\/\/www.ambifuego.net\/wp-content\/uploads\/2025\/08\/IRONHEARTH-ESSE_11zon_11zon-400x295.webp\" class=\"attachment-woocommerce_thumbnail size-woocommerce_thumbnail\" alt=\"Mediathek Bildergalerie Kaminhersteller Spanien - cocina fundicion ironhearth\" aria-describedby=\"gallery-1-77193\" \/><\/a>\n\t\t\t<\/div>\n\t\t\t\t<figcaption class='wp-caption-text gallery-caption' id='gallery-1-77193'>\n\t\t\t\tcocina fundicion ironhearth\n\t\t\t\t<\/figcaption><\/figure><figure class='gallery-item'>\n\t\t\t<div class='gallery-icon landscape'>\n\t\t\t\t<a data-elementor-open-lightbox=\"yes\" data-elementor-lightbox-slideshow=\"42d834d\" data-elementor-lightbox-title=\"llams gas- CERAGLASS_11zon_11zon\" data-elementor-lightbox-description=\"ceraglass reflejo llamas\" data-e-action-hash=\"#elementor-action%3Aaction%3Dlightbox%26settings%3DeyJpZCI6NzYzOTksInVybCI6Imh0dHBzOlwvXC93d3cuYW1iaWZ1ZWdvLm5ldFwvd3AtY29udGVudFwvdXBsb2Fkc1wvMjAyNVwvMDdcL2xsYW1zLWdhcy1DRVJBR0xBU1NfMTF6b25fMTF6b24ud2VicCIsInNsaWRlc2hvdyI6IjQyZDgzNGQifQ%3D%3D\" href='https:\/\/www.ambifuego.net\/wp-content\/uploads\/2025\/07\/llams-gas-CERAGLASS_11zon_11zon.webp'><img loading=\"lazy\" decoding=\"async\" width=\"400\" height=\"295\" src=\"https:\/\/www.ambifuego.net\/wp-content\/uploads\/2025\/07\/llams-gas-CERAGLASS_11zon_11zon-400x295.webp\" class=\"attachment-woocommerce_thumbnail size-woocommerce_thumbnail\" alt=\"ceraglass reflejo llamas\" aria-describedby=\"gallery-1-76399\" \/><\/a>\n\t\t\t<\/div>\n\t\t\t\t<figcaption class='wp-caption-text gallery-caption' id='gallery-1-76399'>\n\t\t\t\tceraglass reflejo llamas\n\t\t\t\t<\/figcaption><\/figure><figure class='gallery-item'>\n\t\t\t<div class='gallery-icon landscape'>\n\t\t\t\t<a data-elementor-open-lightbox=\"yes\" data-elementor-lightbox-slideshow=\"42d834d\" data-elementor-lightbox-title=\"150ED_1050x700px_1_DRU_Metro_150XT_Eco_Wave_11zon_11zon_11zon\" data-elementor-lightbox-description=\"chimenea panoramica frente gas 150 ED\" data-e-action-hash=\"#elementor-action%3Aaction%3Dlightbox%26settings%3DeyJpZCI6NzYzODYsInVybCI6Imh0dHBzOlwvXC93d3cuYW1iaWZ1ZWdvLm5ldFwvd3AtY29udGVudFwvdXBsb2Fkc1wvMjAyNVwvMDdcLzE1MEVEXzEwNTB4NzAwcHhfMV9EUlVfTWV0cm9fMTUwWFRfRWNvX1dhdmVfMTF6b25fMTF6b25fMTF6b24ud2VicCIsInNsaWRlc2hvdyI6IjQyZDgzNGQifQ%3D%3D\" href='https:\/\/www.ambifuego.net\/wp-content\/uploads\/2025\/07\/150ED_1050x700px_1_DRU_Metro_150XT_Eco_Wave_11zon_11zon_11zon.webp'><img loading=\"lazy\" decoding=\"async\" width=\"400\" height=\"295\" src=\"https:\/\/www.ambifuego.net\/wp-content\/uploads\/2025\/07\/150ED_1050x700px_1_DRU_Metro_150XT_Eco_Wave_11zon_11zon_11zon-400x295.webp\" class=\"attachment-woocommerce_thumbnail size-woocommerce_thumbnail\" alt=\"chimenea panoramica frente gas 150 ED\" aria-describedby=\"gallery-1-76386\" \/><\/a>\n\t\t\t<\/div>\n\t\t\t\t<figcaption class='wp-caption-text gallery-caption' id='gallery-1-76386'>\n\t\t\t\tchimenea panoramica frente gas 150 ED\n\t\t\t\t<\/figcaption><\/figure><figure class='gallery-item'>\n\t\t\t<div class='gallery-icon landscape'>\n\t\t\t\t<a data-elementor-open-lightbox=\"yes\" data-elementor-lightbox-slideshow=\"42d834d\" data-elementor-lightbox-title=\"Panorama Front Kamin Gasfrente gas 100ed-\" data-elementor-lightbox-description=\"Panorama Front Kamin Gass 100Ed\" data-e-action-hash=\"#elementor-action%3Aaction%3Dlightbox%26settings%3DeyJpZCI6NzYzMDQsInVybCI6Imh0dHBzOlwvXC93d3cuYW1iaWZ1ZWdvLm5ldFwvd3AtY29udGVudFwvdXBsb2Fkc1wvMjAyNVwvMDdcL2ZyZW50ZS1nYXMtMTAwZWRfMTF6b25fMTF6b24tMS53ZWJwIiwic2xpZGVzaG93IjoiNDJkODM0ZCJ9\" href='https:\/\/www.ambifuego.net\/wp-content\/uploads\/2025\/07\/frente-gas-100ed_11zon_11zon-1.webp'><img loading=\"lazy\" decoding=\"async\" width=\"400\" height=\"295\" src=\"https:\/\/www.ambifuego.net\/wp-content\/uploads\/2025\/07\/frente-gas-100ed_11zon_11zon-1-400x295.webp\" class=\"attachment-woocommerce_thumbnail size-woocommerce_thumbnail\" alt=\"Panoramagaskamin front 120 GD\" aria-describedby=\"gallery-1-76304\" \/><\/a>\n\t\t\t<\/div>\n\t\t\t\t<figcaption class='wp-caption-text gallery-caption' id='gallery-1-76304'>\n\t\t\t\tPanorama Front Kamin Gas 100Ed\n\t\t\t\t<\/figcaption><\/figure><figure class='gallery-item'>\n\t\t\t<div class='gallery-icon landscape'>\n\t\t\t\t<a data-elementor-open-lightbox=\"yes\" data-elementor-lightbox-slideshow=\"42d834d\" data-elementor-lightbox-title=\"1050x700px_2_DRU_Metro_80XT_piedra blancas_11zon_11zon\" data-elementor-lightbox-description=\"PANORAMICA FRENTE GAS 80ED\" data-e-action-hash=\"#elementor-action%3Aaction%3Dlightbox%26settings%3DeyJpZCI6NzYyNjQsInVybCI6Imh0dHBzOlwvXC93d3cuYW1iaWZ1ZWdvLm5ldFwvd3AtY29udGVudFwvdXBsb2Fkc1wvMjAyNVwvMDdcLzEwNTB4NzAwcHhfMl9EUlVfTWV0cm9fODBYVF9waWVkcmEtYmxhbmNhc18xMXpvbl8xMXpvbi53ZWJwIiwic2xpZGVzaG93IjoiNDJkODM0ZCJ9\" href='https:\/\/www.ambifuego.net\/wp-content\/uploads\/2025\/07\/1050x700px_2_DRU_Metro_80XT_piedra-blancas_11zon_11zon.webp'><img loading=\"lazy\" decoding=\"async\" width=\"400\" height=\"295\" src=\"https:\/\/www.ambifuego.net\/wp-content\/uploads\/2025\/07\/1050x700px_2_DRU_Metro_80XT_piedra-blancas_11zon_11zon-400x295.webp\" class=\"attachment-woocommerce_thumbnail size-woocommerce_thumbnail\" alt=\"PANORAMICA FRENTE GAS 80ED\" aria-describedby=\"gallery-1-76264\" \/><\/a>\n\t\t\t<\/div>\n\t\t\t\t<figcaption class='wp-caption-text gallery-caption' id='gallery-1-76264'>\n\t\t\t\tPANORAMICA FRENTE GAS 80ED\n\t\t\t\t<\/figcaption><\/figure><figure class='gallery-item'>\n\t\t\t<div class='gallery-icon landscape'>\n\t\t\t\t<a data-elementor-open-lightbox=\"yes\" data-elementor-lightbox-slideshow=\"42d834d\" data-elementor-lightbox-title=\"efectos-de-llamas_optimized_11zon\" data-elementor-lightbox-description=\"chimena electrica efecto llamas evonic\" data-e-action-hash=\"#elementor-action%3Aaction%3Dlightbox%26settings%3DeyJpZCI6NzQ0MDcsInVybCI6Imh0dHBzOlwvXC93d3cuYW1iaWZ1ZWdvLm5ldFwvd3AtY29udGVudFwvdXBsb2Fkc1wvMjAyMVwvMDVcL2VmZWN0b3MtZGUtbGxhbWFzX29wdGltaXplZF8xMXpvbi5qcGciLCJzbGlkZXNob3ciOiI0MmQ4MzRkIn0%3D\" href='https:\/\/www.ambifuego.net\/wp-content\/uploads\/2021\/05\/efectos-de-llamas_optimized_11zon.jpg'><img loading=\"lazy\" decoding=\"async\" width=\"400\" height=\"295\" src=\"https:\/\/www.ambifuego.net\/wp-content\/uploads\/2021\/05\/efectos-de-llamas_optimized_11zon-400x295.jpg\" class=\"attachment-woocommerce_thumbnail size-woocommerce_thumbnail\" alt=\"Mediathek Bildergalerie Kaminhersteller Spanien - chimena electrica efecto llamas evonic\" aria-describedby=\"gallery-1-74407\" \/><\/a>\n\t\t\t<\/div>\n\t\t\t\t<figcaption class='wp-caption-text gallery-caption' id='gallery-1-74407'>\n\t\t\t\tchimena electrica efecto llamas evonic\n\t\t\t\t<\/figcaption><\/figure><figure class='gallery-item'>\n\t\t\t<div class='gallery-icon landscape'>\n\t\t\t\t<a data-elementor-open-lightbox=\"yes\" data-elementor-lightbox-slideshow=\"42d834d\" data-elementor-lightbox-title=\"Gas- Elektro- Holz-Kamine Spanien glazer 1300\" data-elementor-lightbox-description=\"Chimenea El\u00e9ct decorativa moderna1300-1000moderna glazer\" data-e-action-hash=\"#elementor-action%3Aaction%3Dlightbox%26settings%3DeyJpZCI6NzQ1OTYsInVybCI6Imh0dHBzOlwvXC93d3cuYW1iaWZ1ZWdvLm5ldFwvd3AtY29udGVudFwvdXBsb2Fkc1wvMjAyMVwvMDVcL1NQQU5JU0hfRmxhbWVyaXRlLUZpcmVzLUJyb2NodXJlLTIwMjFfSGlnaF9SZXMtMS04XzExem9uLmpwZyIsInNsaWRlc2hvdyI6IjQyZDgzNGQifQ%3D%3D\" href='https:\/\/www.ambifuego.net\/wp-content\/uploads\/2021\/05\/SPANISH_Flamerite-Fires-Brochure-2021_High_Res-1-8_11zon.jpg'><img loading=\"lazy\" decoding=\"async\" width=\"400\" height=\"295\" src=\"https:\/\/www.ambifuego.net\/wp-content\/uploads\/2021\/05\/SPANISH_Flamerite-Fires-Brochure-2021_High_Res-1-8_11zon-400x295.jpg\" class=\"attachment-woocommerce_thumbnail size-woocommerce_thumbnail\" alt=\"Gas- Elektro- Holz-Kamine Spanien Chimenea El\u00e9ct decorativa moderna1300-1000moderna glazer\" aria-describedby=\"gallery-1-74596\" \/><\/a>\n\t\t\t<\/div>\n\t\t\t\t<figcaption class='wp-caption-text gallery-caption' id='gallery-1-74596'>\n\t\t\t\tGas- Elektro- Holz-Kamine Spanien glazer 1300 Chimenea El\u00e9ct decorativa moderna1300-1000moderna glazer\n\t\t\t\t<\/figcaption><\/figure><figure class='gallery-item'>\n\t\t\t<div class='gallery-icon landscape'>\n\t\t\t\t<a data-elementor-open-lightbox=\"yes\" data-elementor-lightbox-slideshow=\"42d834d\" data-elementor-lightbox-title=\"1050x700x100px-vertical-75md-xl_optimized-jpg_11zon_11zon\" data-elementor-lightbox-description=\"chimenea gas alta vertical 75md-xl\" data-e-action-hash=\"#elementor-action%3Aaction%3Dlightbox%26settings%3DeyJpZCI6NzYwMzAsInVybCI6Imh0dHBzOlwvXC93d3cuYW1iaWZ1ZWdvLm5ldFwvd3AtY29udGVudFwvdXBsb2Fkc1wvMjAyNVwvMDdcLzEwNTB4NzAweDEwMHB4LXZlcnRpY2FsLTc1bWQteGxfb3B0aW1pemVkLWpwZ18xMXpvbl8xMXpvbi53ZWJwIiwic2xpZGVzaG93IjoiNDJkODM0ZCJ9\" href='https:\/\/www.ambifuego.net\/wp-content\/uploads\/2025\/07\/1050x700x100px-vertical-75md-xl_optimized-jpg_11zon_11zon.webp'><img loading=\"lazy\" decoding=\"async\" width=\"400\" height=\"295\" src=\"https:\/\/www.ambifuego.net\/wp-content\/uploads\/2025\/07\/1050x700x100px-vertical-75md-xl_optimized-jpg_11zon_11zon-400x295.webp\" class=\"attachment-woocommerce_thumbnail size-woocommerce_thumbnail\" alt=\"chimenea gas alta vertical 75md-xl\" aria-describedby=\"gallery-1-76030\" \/><\/a>\n\t\t\t<\/div>\n\t\t\t\t<figcaption class='wp-caption-text gallery-caption' id='gallery-1-76030'>\n\t\t\t\tchimenea gas alta vertical 75md-xl\n\t\t\t\t<\/figcaption><\/figure>\n\t\t<\/div>\n\t\t<\/div>\n\t\t\t\t\t\t<\/div>\n\t\t\t\t<\/div>\n\t\t\t\t<div class=\"elementor-element elementor-element-3f332ed elementor-widget elementor-widget-text-editor\" data-id=\"3f332ed\" data-element_type=\"widget\" data-e-type=\"widget\" data-widget_type=\"text-editor.default\">\n\t\t\t\t<div class=\"elementor-widget-container\">\n\t\t\t\t\t\t\t\t\t<p>Mediathek Bildergalerie Kaminhersteller Spanien\u00a0 \u2013 Unsere Galerie umfasst Gas-, Holz-, Pellet- und Elektrokamine in verschiedenen Stilen und R\u00e4umen. So k\u00f6nnen Sie sehen, wie sie in Wohnzimmer, Esszimmer oder Au\u00dfenbereiche passen.<\/p>\n<p>Diese Bildergalerie zeigt die Erfahrung und Hingabe, die wir in jede Installation stecken \u2013 von der Modellauswahl bis zum Endergebnis in den H\u00e4usern unserer Kunden.<\/p>\t\t\t\t\t\t\t\t<\/div>\n\t\t\t\t<\/div>\n\t\t\t\t<div class=\"elementor-element elementor-element-3cfa328b elementor-widget elementor-widget-text-editor\" data-id=\"3cfa328b\" data-element_type=\"widget\" data-e-type=\"widget\" data-widget_type=\"text-editor.default\">\n\t\t\t\t<div class=\"elementor-widget-container\">\n\t\t\t\t\t\t\t\t\t\n<p class=\"wp-block-gallery-2\">Klicken Sie zum Abspielen eines Videos \/ Photo einfach auf;\u00a0 \u00a0<a href=\"https:\/\/vimeo.com\/ambifuego\" target=\"_blank\" rel=\"noopener\">Vimeo<\/a>\u00a0 &#8211;\u00a0 <a href=\"https:\/\/www.instagram.com\/ambifuegosur\/?__pwa=1\" target=\"_blank\" rel=\"noopener\">Instagram\u00a0<\/a> &#8211; \u00a0<a href=\"https:\/\/www.facebook.com\/ambifuego.sur\" target=\"_blank\" rel=\"noopener\">Facebook<\/a>&#8211; <a href=\"https:\/\/www.youtube.com\/@ambifuego\" target=\"_blank\" rel=\"noopener\">Youtube<\/a><\/p>\n<figure class=\"wp-block-gallery has-nested-images columns-default is-cropped is-layout-flex wp-block-gallery-is-layout-flex\"><\/figure>\n\t\t\t\t\t\t\t\t<\/div>\n\t\t\t\t<\/div>\n\t\t\t\t\t<\/div>\n\t\t\t\t<\/div>\n\t\t\t\t<\/div>\n\t\t","protected":false},"excerpt":{"rendered":"<p>Bildergalerie von Gas-, Elektro- und Holzkaminen Mediathek Bildergalerie Kaminhersteller Spanien \u2013 In diesem Bereich zeigen wir Ihnen eine Auswahl unserer Kaminmodelle und einige Beispiele unserer Arbeit. Jedes Projekt zeigt eine Kombination aus Design, Effizienz und Qualit\u00e4t unsere Arbeiten. Eck-Gaskamin 80 quemador exterior rectangular gas barbacoa gas acero inoxidable estufa pellet circular cocina fundicion ironhearth ceraglass [&hellip;]<\/p>\n","protected":false},"author":1,"featured_media":0,"parent":0,"menu_order":0,"comment_status":"closed","ping_status":"closed","template":"","meta":{"footnotes":""},"class_list":["post-78452","page","type-page","status-publish","hentry"],"_links":{"self":[{"href":"https:\/\/www.ambifuego.net\/de\/wp-json\/wp\/v2\/pages\/78452","targetHints":{"allow":["GET"]}}],"collection":[{"href":"https:\/\/www.ambifuego.net\/de\/wp-json\/wp\/v2\/pages"}],"about":[{"href":"https:\/\/www.ambifuego.net\/de\/wp-json\/wp\/v2\/types\/page"}],"author":[{"embeddable":true,"href":"https:\/\/www.ambifuego.net\/de\/wp-json\/wp\/v2\/users\/1"}],"replies":[{"embeddable":true,"href":"https:\/\/www.ambifuego.net\/de\/wp-json\/wp\/v2\/comments?post=78452"}],"version-history":[{"count":0,"href":"https:\/\/www.ambifuego.net\/de\/wp-json\/wp\/v2\/pages\/78452\/revisions"}],"wp:attachment":[{"href":"https:\/\/www.ambifuego.net\/de\/wp-json\/wp\/v2\/media?parent=78452"}],"curies":[{"name":"wp","href":"https:\/\/api.w.org\/{rel}","templated":true}]}}