{"id":77773,"date":"2025-09-15T12:49:37","date_gmt":"2025-09-15T10:49:37","guid":{"rendered":"https:\/\/www.ambifuego.net\/chimeneas-ambifuego-fabricante-y-distribuidor\/"},"modified":"2025-10-08T10:20:08","modified_gmt":"2025-10-08T08:20:08","slug":"chimeneas-ambifuego-fabricante-y-distribuidor","status":"publish","type":"page","link":"https:\/\/www.ambifuego.net\/de\/chimeneas-ambifuego-fabricante-y-distribuidor\/","title":{"rendered":"Chimeneas &#8211; Ambifuego, Fabricante y Distribuidor"},"content":{"rendered":"\t\t<div data-elementor-type=\"wp-page\" data-elementor-id=\"77773\" class=\"elementor elementor-77773\" data-elementor-post-type=\"page\">\n\t\t\t\t<div class=\"elementor-element elementor-element-144bcc7 e-flex e-con-boxed e-con e-parent\" data-id=\"144bcc7\" data-element_type=\"container\" data-e-type=\"container\">\n\t\t\t\t\t<div class=\"e-con-inner\">\n\t\t\t\t<div class=\"elementor-element elementor-element-97cb453 elementor-widget elementor-widget-image\" data-id=\"97cb453\" data-element_type=\"widget\" data-e-type=\"widget\" data-widget_type=\"image.default\">\n\t\t\t\t<div class=\"elementor-widget-container\">\n\t\t\t\t\t\t\t\t\t\t\t\t\t\t\t<img fetchpriority=\"high\" decoding=\"async\" width=\"600\" height=\"162\" src=\"https:\/\/www.ambifuego.net\/wp-content\/uploads\/2022\/01\/portada-web2_optimized.jpg\" class=\"attachment-medium_large size-medium_large wp-image-48735\" alt=\"\" srcset=\"https:\/\/www.ambifuego.net\/wp-content\/uploads\/2022\/01\/portada-web2_optimized.jpg 600w, https:\/\/www.ambifuego.net\/wp-content\/uploads\/2022\/01\/portada-web2_optimized-480x130.jpg 480w\" sizes=\"(max-width: 600px) 100vw, 600px\" \/>\t\t\t\t\t\t\t\t\t\t\t\t\t\t\t<\/div>\n\t\t\t\t<\/div>\n\t\t\t\t\t<\/div>\n\t\t\t\t<\/div>\n\t\t<div class=\"elementor-element elementor-element-a4ed3c8 e-flex e-con-boxed e-con e-parent\" data-id=\"a4ed3c8\" data-element_type=\"container\" data-e-type=\"container\">\n\t\t\t\t\t<div class=\"e-con-inner\">\n\t\t<div class=\"elementor-element elementor-element-8aaba86 e-con-full e-flex e-con e-child\" data-id=\"8aaba86\" data-element_type=\"container\" data-e-type=\"container\">\n\t\t\t\t<div class=\"elementor-element elementor-element-af338e7 elementor-widget elementor-widget-heading\" data-id=\"af338e7\" data-element_type=\"widget\" data-e-type=\"widget\" data-widget_type=\"heading.default\">\n\t\t\t\t<div class=\"elementor-widget-container\">\n\t\t\t\t\t<h2 class=\"elementor-heading-title elementor-size-default\"><a href=\"https:\/\/www.ambifuego.net\/articulos\/chimeneas-y-productos-gas\/\">Productos de gas<\/a><\/h2>\t\t\t\t<\/div>\n\t\t\t\t<\/div>\n\t\t\t\t<\/div>\n\t\t<div class=\"elementor-element elementor-element-a80d87a e-con-full e-flex e-con e-child\" data-id=\"a80d87a\" data-element_type=\"container\" data-e-type=\"container\">\n\t\t\t\t<div class=\"elementor-element elementor-element-130b811 elementor-widget elementor-widget-heading\" data-id=\"130b811\" data-element_type=\"widget\" data-e-type=\"widget\" data-widget_type=\"heading.default\">\n\t\t\t\t<div class=\"elementor-widget-container\">\n\t\t\t\t\t<h2 class=\"elementor-heading-title elementor-size-default\"><a href=\"https:\/\/www.ambifuego.net\/es\/articulos\/chimeneas-electricas-decorativas-modernas-calefactor\/\">Chimeneas el\u00e9ctricas<\/a><\/h2>\t\t\t\t<\/div>\n\t\t\t\t<\/div>\n\t\t\t\t<\/div>\n\t\t<div class=\"elementor-element elementor-element-5307988 e-con-full e-flex e-con e-child\" data-id=\"5307988\" data-element_type=\"container\" data-e-type=\"container\">\n\t\t\t\t<div class=\"elementor-element elementor-element-7bb6f1f9 elementor-widget elementor-widget-text-editor\" data-id=\"7bb6f1f9\" data-element_type=\"widget\" data-e-type=\"widget\" data-widget_type=\"text-editor.default\">\n\t\t\t\t<div class=\"elementor-widget-container\">\n\t\t\t\t\t\t\t\t\t<p>\u00a0<\/p><h2>Chimeneas &#8211; Fabricante Distribuidor<\/h2><p><strong>Fabricante chimeneas gas el\u00e9ctricas\u00a0 \u2013\u00a0\u00a0<\/strong><strong>Su Importador y Distribuidor de Confianza<\/strong><\/p><p>Profesionalidad y experiencia porque nos dedicamos a esto desde hace m\u00e1s de 27 a\u00f1os.<\/p><h3>Productos de calidad<\/h3><p>Nuestras chimeneas y nuestros productos son de calidad y tienen que pasar varios controles de calidad antes de salir a la venta. Y antes de instalar o enviar una chimenea se vuelve a controlar porque queremos que la chimenea llegue en las mejores condiciones a casa del ususario.<\/p><h3>Innovaci\u00f3n<\/h3><p>Buscamos y\u00a0\u00a0a\u00f1adimos en nuestro cat\u00e1logo los art\u00edculos m\u00e1s actuales y eficientes del mercado.\u00a0 Seguimos innovando y aumentando regularmente nuestro cat\u00e1logo de productos porque los clientes as\u00ed lo piden. Tenemos m\u00e1s de 250 profesionales en toda Espa\u00f1a colaborando con nosotros. Los distribuidores son por eso las personas de contacto en su zona. Les vender\u00e1n, montar\u00e1n y atender\u00e1n despu\u00e9s de instalada su chimenea y estufa.<\/p><p>Algunos de los nuevos art\u00edculos son; barbacoas y hornos de pizzas a gas para cocinas exteriores. Barbacoas y hornos disponibles en varias formas y calidades, porque cada cliente tiene sus propias ideas y deseos. Las antorchas y los quemadores de gas, son ideales para veladas en terrazas o jardines porque cautivan las luz y el calor. Por eso tambi\u00e9n hemos ampliado nuestra gama de quemadores. Las chimenea de gas, los pebeteros y los cuencos tambi\u00e9n son art\u00edculos con gran demanda este oto\u00f1o.<\/p><h3><strong>Exposici\u00f3n<\/strong><\/h3><p>Tenemos una exposici\u00f3n de 1.200 metros cuadrados. Cualquier visitante puede ver nuestra\u00a0 amplia gama de chimeneas y art\u00edculos relacionados pero seguro que le ser\u00e1 dif\u00edcil elegir. La gran cantidad de modelos de\u00a0chimeneas de gas y el\u00e9ctricas\u00a0le va a sorprender . Somos fabricantes de chimeneas\u00a0<a href=\"https:\/\/www.drufire.com\/int\/\">de gas,<\/a>\u00a0por eso intentamos siempre ofrecer la mejor soluci\u00f3n para cada hogar.<\/p><h3>Profesionales<\/h3><p>Nuestros t\u00e9cnicos son profesionales. Trabajamos y colaboramos con distribuidores, cualificados y con a\u00f1os de experiencia.\u00a0 Ofrecemos a nuestros clientes un servicio completo porque fabricamos, vendemos, distribuimos y montamos. Pero tambi\u00e9n despu\u00e9s si lo necesita, tendr\u00e1 nuestra atenci\u00f3n post venta.<\/p><p>Visita\u00a0nuestra exposici\u00f3n y vea y admire nuestras chimeneas de gas y\u00a0el\u00e9ctricas,\u00a0porque muchas de ellas\u00a0 est\u00e1n en marcha en vivo y directo.<\/p><p>Ofrecemos el mejor asesoramiento y la atenci\u00f3n posible a cada circumstancia.\u00a0 \u00a1Cons\u00faltarnos sin compromiso!<\/p><p>Ambifuego no se responsabiliza de los errores u omisiones que pueda contener este sitio web. Para mayor informaci\u00f3n o confirmaci\u00f3n consulte con su empresa distribuidora.<\/p>\t\t\t\t\t\t\t\t<\/div>\n\t\t\t\t<\/div>\n\t\t\t\t<\/div>\n\t\t\t\t\t<\/div>\n\t\t\t\t<\/div>\n\t\t\t\t<\/div>\n\t\t","protected":false},"excerpt":{"rendered":"<p>Productos de gas Chimeneas el\u00e9ctricas Chimeneas &#8211; Fabricante Distribuidor Fabricante chimeneas gas el\u00e9ctricas \u2013 Su Importador y Distribuidor de Confianza Profesionalidad y experiencia porque nos dedicamos a esto desde hace m\u00e1s de 27 a\u00f1os. Productos de calidad Nuestras chimeneas y nuestros productos son de calidad y tienen que pasar varios controles de calidad antes de [&hellip;]<\/p>\n","protected":false},"author":1,"featured_media":0,"parent":0,"menu_order":0,"comment_status":"closed","ping_status":"closed","template":"","meta":{"footnotes":""},"class_list":["post-77773","page","type-page","status-publish","hentry"],"_links":{"self":[{"href":"https:\/\/www.ambifuego.net\/de\/wp-json\/wp\/v2\/pages\/77773","targetHints":{"allow":["GET"]}}],"collection":[{"href":"https:\/\/www.ambifuego.net\/de\/wp-json\/wp\/v2\/pages"}],"about":[{"href":"https:\/\/www.ambifuego.net\/de\/wp-json\/wp\/v2\/types\/page"}],"author":[{"embeddable":true,"href":"https:\/\/www.ambifuego.net\/de\/wp-json\/wp\/v2\/users\/1"}],"replies":[{"embeddable":true,"href":"https:\/\/www.ambifuego.net\/de\/wp-json\/wp\/v2\/comments?post=77773"}],"version-history":[{"count":0,"href":"https:\/\/www.ambifuego.net\/de\/wp-json\/wp\/v2\/pages\/77773\/revisions"}],"wp:attachment":[{"href":"https:\/\/www.ambifuego.net\/de\/wp-json\/wp\/v2\/media?parent=77773"}],"curies":[{"name":"wp","href":"https:\/\/api.w.org\/{rel}","templated":true}]}}