{"id":17264,"date":"2017-11-23T19:06:03","date_gmt":"2017-11-23T19:06:03","guid":{"rendered":"https:\/\/www.ambifuego.net\/xtempx\/web17\/?page_id=17264"},"modified":"2017-11-23T19:06:03","modified_gmt":"2017-11-23T19:06:03","slug":"datenschutzpolitik","status":"publish","type":"page","link":"https:\/\/www.ambifuego.net\/de\/datenschutzpolitik\/","title":{"rendered":"Datenschutzpolitik"},"content":{"rendered":"<div class=\"inner_wrapper\">\n<div class=\"sidebar_content full_width\">\n<p>I. INFORMATION GEM\u00c4SS DEN BESTIMMUNGEN DES Gesetzes 34\/2002 vom 11. Juli \u00fcber die Dienstleistungen der Informationsgesellschaft und elektronischen Handel<\/p>\n<p>In Erf\u00fcllung der Bestimmungen des Artikels 10 des Gesetzes 34\/2002 vom 11. Juli \u00fcber die Dienstleistungen der Informationsgesellschaft und elektronischen Handel werden ausdr\u00fccklich, pr\u00e4zise und eindeutig sowohl die Dienstleistungsempf\u00e4nger als auch die zust\u00e4ndigen Organe \u00fcber folgende Aspekte des Anbieters von Dienstleistungen der Informationsgesellschaft informiert:<\/p>\n<ul>\n<li>Name \/ Firmenname: Ambifuego Sur SL.<\/li>\n<li>Aktivit\u00e4t \/ Zweck der Gesellschaft: <span id=\"result_box\" class=\"short_text\" lang=\"de\"><span class=\"\">Verkauf von \u00d6fen<\/span><\/span><\/li>\n<li>Sitz der Gesellschaft: Avda. Ca\u00f1ada del Cura, 29. Pol\u00edgono del Levante. 03187. Los Montesinos \u2013 Alicante (Spanien).<\/li>\n<li>CIF (USt-IdNr.): <span class=\"st\">B30459077 <\/span><\/li>\n<li>Telefon: <span class=\"style1\"><span class=\"yellows\">966 72 10 18<\/span><\/span> \/ 966 72 10 01<\/li>\n<\/ul>\n<p>II. INFORMATION GEM\u00c4\u00df DEN BESTIMMUNGEN DES GESETZES ZUM SCHUTZ PERSONENBEZOGENER DATEN<\/p>\n<p>INFORMATIONSGRUNDATZ<\/p>\n<p>In Erf\u00fcllung der Bestimmungen in Artikel 5 des Gesetzes 15\/1999 vom 13. Dezember zum Schutz personenbezogener Daten (im Folgenden LOPD) informieren wir Sie ausdr\u00fccklich, pr\u00e4zise und eindeutig in Kenntnis, dass die von Ihnen \u00fcber die auf unserer Webseite zur Verf\u00fcgung gestellten Formulare oder sonstigen Erfassungskan\u00e4len mitgeteilten Daten, sowie die Daten, die im Zusammenhang der Gesch\u00e4ftsbeziehung mit unserer Gesellschaft entstehen, in den Dateien, deren Eigent\u00fcmerin Ambifuego Sur SL.. ist, verarbeitet werden. Diese Dateien sind ordnungsgem\u00e4\u00df beim Zentralregister der Spanischen Agentur f\u00fcr Datenschutz registriert und dienen zur Bewahrung und Erf\u00fcllung der Gesch\u00e4ftsbeziehung des Leistungsempf\u00e4ngers mit unserer Gesellschaft sowie zur Erbringung der sich aus dieser Beziehung ergebenden Dienstleistungen.<\/p>\n<p>In gleicher Weise informieren wir Sie gem\u00e4\u00df den Bestimmungen besagter LOPD und des Gesetzes 34\/2002 vom 22. Juli \u00fcber Dienstleistungen der Informationsgesellschaft und elektronischen Handel dar\u00fcber in Kenntnis, dass Ihre Daten dazu verwendet werden k\u00f6nnen, um Ihnen gewerbliche und Werbeinformationen unseres Unternehmens per Telefon, Post, Fax, E-Mail oder gleichwertige elektronische Kommunikationsmittel zukommen zu lassen.<\/p>\n<p>Dar\u00fcber hinaus informieren wir Sie, dass Ihre Daten weitergegeben werden k\u00f6nnen, wenn dies f\u00fcr die Abwicklung, Erf\u00fcllung und \u00dcberwachung der Gesch\u00e4ftsbeziehung des Dienstleistungsempf\u00e4ngers mit unserem Unternehmen erforderlich ist, oder wenn die Weitergabe durch eine gesetzliche oder einem Gesetz gleichwertige Bestimmung gestattet ist und insbesondere in folgenden F\u00e4llen: a) Die Verarbeitung oder Weitergabe der Daten dienen der Befriedigung eines legitimen Interesses des Verantwortlichen der Datenverarbeitung oder des Zessionars infolge besagter Bestimmung; b) Durch die Datenverarbeitung oder -weitergabe wird eine sich aus besagter Bestimmung ergebende Pflicht befriedigt.<\/p>\n<p>ZUSTIMMUNGSGRUNDSATZ<\/p>\n<p>Die Zustimmung zur Verarbeitung Ihrer personenbezogenen Daten zu den angegebenen Zwecken gilt als erteilt, wenn Sie das entsprechende, daf\u00fcr vorgesehene K\u00e4stchen auf unserer Webseite markieren.<\/p>\n<p>PFLICHTDATEN<\/p>\n<p>Alle Felder der auf unserer Webseite zur Verf\u00fcgung gestellten Formulare sind Pflichtfelder (andernfalls werden alle Pflichtfelder mit einem Sternchen gekennzeichnet). Die Nichtangabe Ihrer Daten hat zu Folge, dass die Gesch\u00e4ftsbeziehung des Dienstleistungsempf\u00e4ngers mit unserem Unternehmen nicht aufrechterhalten werden kann, da die geforderten Daten zur Leistungserbringung erforderlich sind.<\/p>\n<p>GRUNDSATZ DER DATENQUALIT\u00c4T<\/p>\n<p>Der Dienstleistungsempf\u00e4nger ist allein f\u00fcr die wahrheitsgetreue und exakte Angabe der Daten verantwortlich, Ambifuego Sur SL. handelt als Dienstleistungserbringer im guten Glauben.<\/p>\n<p>Sollten falsche Angaben oder Angaben zu dritten Personen ohne deren Zustimmung gemacht werden, sind Sie pers\u00f6nlich gegen\u00fcber Ambifuego Sur SL., den Betroffenen oder Interessenten, der Spanischen Agentur f\u00fcr Datenschutz und, sofern zutreffend, gegen\u00fcber den Datenschutzbeh\u00f6rden der autonomen Gemeinschaften f\u00fcr die daraus resultierenden Konsequenzen verantwortlich.<\/p>\n<p>Ambifuego Sur SL. erfasst \u00fcber ihre Webseite keine personenbezogenen Daten von Minderj\u00e4hrigen unter 14 Jahren. Sollte eine minderj\u00e4hrige Person unter 14 Jahren personenbezogene Angaben \u00fcber die daf\u00fcr vorgesehenen Formulare auf unserer Webseite oder \u00fcbern einem anderen Erfassungskanal machen, werden diese Daten unverz\u00fcglich nach Kenntnis dieses Umstands gel\u00f6scht.<\/p>\n<p>Um die Bestimmungen des Artikels 4.3 der LOPD zu erf\u00fcllen, verpflichtet sich der Dienstleistungsempf\u00e4nger, Ambifuego Sur SL. Daten\u00e4nderungen mitzuteilen, damit diese jederzeit den tats\u00e4chlichen Gegebenheiten entsprechen.<\/p>\n<p>GRUNDSATZ DER DATENSICHERHEIT<\/p>\n<p>Ambifuego Sur SL. verpflichtet sich zur Geheimhaltung der personenbezogenen Daten sowie zur Speicherung und Ergreifung aller erforderlichen technischen und organisatorischen Schutzma\u00dfnahmen zur Gew\u00e4hrleistung der Sicherheit der personenbezogenen Daten, um Ver\u00e4nderung, Verlust, unbefugte Verarbeitung oder Zugang zu vermeiden. Dies erfolgt unter Ber\u00fccksichtigung des Stands der Technik, der Natur der gespeicherten Daten und der Risiken, denen diese ausgesetzt sind, sei es infolge menschlichen Handelns oder physischer oder nat\u00fcrlicher Mittel, wie im Titel VIII des Real Decreto (k\u00f6niglichen Dekrets) 1720\/2007 vom 21. Dezember zur Verabschiedung der Durchf\u00fchrungsverordnung des Gesetzes 15\/1999 \u00fcber den Schutz personenbezogener Daten ausgef\u00fchrt.<\/p>\n<p>AUS\u00dcBUNG DER RECHTE<\/p>\n<p>Gem\u00e4\u00df den Bestimmungen der LOPD und dem Real Decreto (K\u00f6niglichen Dekret) 1720\/2007 vom 21. Dezember zur Verabschiedung der Durchf\u00fchrungsverordnung besagten Gesetzes kann der Dienstleistungsempf\u00e4nger sein Recht auf, Zugang, Berichtigung, L\u00f6schung und Widerspruch gegen\u00fcber dem Verantwortlichen der Datei oder der Datenverarbeitung durch Vorlage einer Kopie seines Personalausweises jederzeit geltend machen.<\/p>\n<p>DATEI- ODER VERARBEITUNGSVERANTWORTLICHER<\/p>\n<p>Der Verantwortliche f\u00fcr die Datei oder Verarbeitung ist Ambifuego Sur SL., die Korrespondent ist an die Anschrift Avda. Ca\u00f1ada del Cura, 29. Pol\u00edgono del Levante. 03187. Los Montesinos \u2013 Alicante (Spanien).<\/p>\n<\/div>\n<\/div>\n","protected":false},"excerpt":{"rendered":"<p>I. INFORMATION GEM\u00c4SS DEN BESTIMMUNGEN DES Gesetzes 34\/2002 vom 11. Juli \u00fcber die Dienstleistungen der Informationsgesellschaft und elektronischen Handel In Erf\u00fcllung der Bestimmungen des Artikels 10 des Gesetzes 34\/2002 vom 11. Juli \u00fcber die Dienstleistungen der Informationsgesellschaft und elektronischen Handel werden ausdr\u00fccklich, pr\u00e4zise und eindeutig sowohl die Dienstleistungsempf\u00e4nger als auch die zust\u00e4ndigen Organe \u00fcber folgende [&hellip;]<\/p>\n","protected":false},"author":1,"featured_media":0,"parent":0,"menu_order":0,"comment_status":"closed","ping_status":"closed","template":"","meta":{"footnotes":""},"class_list":["post-17264","page","type-page","status-publish","hentry"],"_links":{"self":[{"href":"https:\/\/www.ambifuego.net\/de\/wp-json\/wp\/v2\/pages\/17264","targetHints":{"allow":["GET"]}}],"collection":[{"href":"https:\/\/www.ambifuego.net\/de\/wp-json\/wp\/v2\/pages"}],"about":[{"href":"https:\/\/www.ambifuego.net\/de\/wp-json\/wp\/v2\/types\/page"}],"author":[{"embeddable":true,"href":"https:\/\/www.ambifuego.net\/de\/wp-json\/wp\/v2\/users\/1"}],"replies":[{"embeddable":true,"href":"https:\/\/www.ambifuego.net\/de\/wp-json\/wp\/v2\/comments?post=17264"}],"version-history":[{"count":0,"href":"https:\/\/www.ambifuego.net\/de\/wp-json\/wp\/v2\/pages\/17264\/revisions"}],"wp:attachment":[{"href":"https:\/\/www.ambifuego.net\/de\/wp-json\/wp\/v2\/media?parent=17264"}],"curies":[{"name":"wp","href":"https:\/\/api.w.org\/{rel}","templated":true}]}}