{"id":17258,"date":"2017-11-23T18:57:12","date_gmt":"2017-11-23T18:57:12","guid":{"rendered":"https:\/\/www.ambifuego.net\/xtempx\/web17\/?page_id=17258"},"modified":"2017-11-23T18:57:12","modified_gmt":"2017-11-23T18:57:12","slug":"cookierichtlinie","status":"publish","type":"page","link":"https:\/\/www.ambifuego.net\/de\/cookierichtlinie\/","title":{"rendered":"Cookierichtlinie"},"content":{"rendered":"<div class=\"inner_wrapper\">\n<div class=\"sidebar_content full_width\">\n<h3>Was sind Cookies?<\/h3>\n<p>Ein Cookie ist eine Datei, die beim Aufrufen bestimmter Webseiten auf das Ger\u00e4t des Benutzers heruntergeladen wird, um Informationen \u00fcber das Navigationsverhalten dieses Ger\u00e4ts zu speichern und abrufen zu k\u00f6nnen.<\/p>\n<p>Die Cookies erm\u00f6glichen es besagter Webseite, unter anderem, Informationen zu Entscheidungen und Gewohnheiten des Benutzers zu speichern und abzurufen.<\/p>\n<p>Es ist wichtig, hervorzuheben, dass die Verwendung von Cookies nicht mit pers\u00f6nlichen Daten des Benutzers einhergeht, der gegen\u00fcber Dispaman anonym bleibt.<\/p>\n<h3>Welche Arten von Cookies verwendet Dispaman?<\/h3>\n<ul>\n<li>\u00a0\u00a0<strong> Analytische Cookies:<\/strong> zur Nachverfolgung und statistischer Analyse des Verhaltens einer Benutzergruppe.<\/li>\n<\/ul>\n<p>Der Benutzer kann seinen Webbrowser konfigurieren, um die Verwendung von Cookies zu verweigern, ohne dass davon die Navigation auf unserer Webseite beeintr\u00e4chtigt wird.<\/p>\n<h3>Cookies in Ihrem Browser deaktivieren:<\/h3>\n<p>Der Benutzer kann jederzeit mithilfe der Browser-Konfiguration w\u00e4hlen, welche Cookies auf dieser Webseite aktiviert sein d\u00fcrfen.<\/p>\n<ul>\n<li>\u00a0\u00a0 Chrome: Einstellungen -&gt; Erweiterte Einstellungen anzeigen -&gt; Datenschutz -&gt; Inhaltseinstellungen<\/li>\n<li>\u00a0\u00a0 F\u00fcr weitere Informationen konsultieren Sie den Support von Chrom oder die Hilfe in Ihrem Browser.<\/li>\n<li>\u00a0\u00a0 Firefox: Men\u00fcschaltfl\u00e4che -&gt; Datenschutz -&gt; Chronik -&gt; benutzerdefinierte Einstellungen.<\/li>\n<li>\u00a0\u00a0 F\u00fcr weitere Informationen konsultieren Sie den Support von Mozilla oder die Hilfe in Ihrem Browser.<\/li>\n<li>\u00a0\u00a0 Internet Explorer: Extras -&gt; Internetoptionen -&gt; Datenschutz -&gt; Einstellungen.<\/li>\n<li>\u00a0\u00a0 F\u00fcr weitere Informationen konsultieren Sie den Support von Microsoft oder die Hilfe in Ihrem Browser.<\/li>\n<li>\u00a0\u00a0 Safari Pr\u00e4ferenzen -&gt; Sicherheit.<\/li>\n<li>\u00a0\u00a0 F\u00fcr weitere Informationen konsultieren Sie den Support von Apple oder die Hilfe in Ihrem Browser.<\/li>\n<\/ul>\n<\/div>\n<\/div>\n","protected":false},"excerpt":{"rendered":"<p>Was sind Cookies? Ein Cookie ist eine Datei, die beim Aufrufen bestimmter Webseiten auf das Ger\u00e4t des Benutzers heruntergeladen wird, um Informationen \u00fcber das Navigationsverhalten dieses Ger\u00e4ts zu speichern und abrufen zu k\u00f6nnen. Die Cookies erm\u00f6glichen es besagter Webseite, unter anderem, Informationen zu Entscheidungen und Gewohnheiten des Benutzers zu speichern und abzurufen. Es ist wichtig, [&hellip;]<\/p>\n","protected":false},"author":1,"featured_media":0,"parent":0,"menu_order":0,"comment_status":"closed","ping_status":"closed","template":"","meta":{"footnotes":""},"class_list":["post-17258","page","type-page","status-publish","hentry"],"_links":{"self":[{"href":"https:\/\/www.ambifuego.net\/de\/wp-json\/wp\/v2\/pages\/17258","targetHints":{"allow":["GET"]}}],"collection":[{"href":"https:\/\/www.ambifuego.net\/de\/wp-json\/wp\/v2\/pages"}],"about":[{"href":"https:\/\/www.ambifuego.net\/de\/wp-json\/wp\/v2\/types\/page"}],"author":[{"embeddable":true,"href":"https:\/\/www.ambifuego.net\/de\/wp-json\/wp\/v2\/users\/1"}],"replies":[{"embeddable":true,"href":"https:\/\/www.ambifuego.net\/de\/wp-json\/wp\/v2\/comments?post=17258"}],"version-history":[{"count":0,"href":"https:\/\/www.ambifuego.net\/de\/wp-json\/wp\/v2\/pages\/17258\/revisions"}],"wp:attachment":[{"href":"https:\/\/www.ambifuego.net\/de\/wp-json\/wp\/v2\/media?parent=17258"}],"curies":[{"name":"wp","href":"https:\/\/api.w.org\/{rel}","templated":true}]}}