{"id":17172,"date":"2017-11-23T17:10:23","date_gmt":"2017-11-23T17:10:23","guid":{"rendered":"https:\/\/www.ambifuego.net\/xtempx\/web17\/?page_id=17172"},"modified":"2025-11-05T13:00:57","modified_gmt":"2025-11-05T12:00:57","slug":"katalog","status":"publish","type":"page","link":"https:\/\/www.ambifuego.net\/de\/katalog\/","title":{"rendered":"Katalog &#8211; pdf"},"content":{"rendered":"\t\t<div data-elementor-type=\"wp-page\" data-elementor-id=\"17172\" class=\"elementor elementor-17172\" data-elementor-post-type=\"page\">\n\t\t\t\t<div class=\"elementor-element elementor-element-64495f7 e-flex e-con-boxed e-con e-parent\" data-id=\"64495f7\" data-element_type=\"container\" data-e-type=\"container\">\n\t\t\t\t\t<div class=\"e-con-inner\">\n\t\t<div class=\"elementor-element elementor-element-0d6ddae e-con-full e-flex e-con e-child\" data-id=\"0d6ddae\" data-element_type=\"container\" data-e-type=\"container\">\n\t\t<div class=\"elementor-element elementor-element-04cb9de e-con-full e-flex e-con e-child\" data-id=\"04cb9de\" data-element_type=\"container\" data-e-type=\"container\">\n\t\t\t\t<div class=\"elementor-element elementor-element-4c51a56 elementor-widget elementor-widget-image\" data-id=\"4c51a56\" data-element_type=\"widget\" data-e-type=\"widget\" data-widget_type=\"image.default\">\n\t\t\t\t<div class=\"elementor-widget-container\">\n\t\t\t\t\t\t\t\t\t\t\t\t<figure class=\"wp-caption\">\n\t\t\t\t\t\t\t\t\t\t\t<a href=\"https:\/\/www.ambifuego.net\/wp-content\/uploads\/2024\/05\/30-05-24-bbq.ptda-ambigrill-compressed.pdf\" target=\"_blank\">\n\t\t\t\t\t\t\t<img fetchpriority=\"high\" decoding=\"async\" width=\"425\" height=\"510\" src=\"https:\/\/www.ambifuego.net\/wp-content\/uploads\/2024\/05\/bbq-ptda-ambigrill-2024-borde-gris_optimized-1.jpg\" class=\"attachment-large size-large wp-image-68515\" alt=\"ptda catalogo bbq 2024\" srcset=\"https:\/\/www.ambifuego.net\/wp-content\/uploads\/2024\/05\/bbq-ptda-ambigrill-2024-borde-gris_optimized-1.jpg 425w, https:\/\/www.ambifuego.net\/wp-content\/uploads\/2024\/05\/bbq-ptda-ambigrill-2024-borde-gris_optimized-1-400x480.jpg 400w, https:\/\/www.ambifuego.net\/wp-content\/uploads\/2024\/05\/bbq-ptda-ambigrill-2024-borde-gris_optimized-1-225x270.jpg 225w, https:\/\/www.ambifuego.net\/wp-content\/uploads\/2024\/05\/bbq-ptda-ambigrill-2024-borde-gris_optimized-1-366x439.jpg 366w\" sizes=\"(max-width: 425px) 100vw, 425px\" \/>\t\t\t\t\t\t\t\t<\/a>\n\t\t\t\t\t\t\t\t\t\t\t<figcaption class=\"widget-image-caption wp-caption-text\">GAS GRILL<\/figcaption>\n\t\t\t\t\t\t\t\t\t\t<\/figure>\n\t\t\t\t\t\t\t\t\t<\/div>\n\t\t\t\t<\/div>\n\t\t\t\t<\/div>\n\t\t<div class=\"elementor-element elementor-element-ddaffba e-con-full e-flex e-con e-child\" data-id=\"ddaffba\" data-element_type=\"container\" data-e-type=\"container\">\n\t\t\t\t<div class=\"elementor-element elementor-element-9041995 elementor-widget elementor-widget-image\" data-id=\"9041995\" data-element_type=\"widget\" data-e-type=\"widget\" data-widget_type=\"image.default\">\n\t\t\t\t<div class=\"elementor-widget-container\">\n\t\t\t\t\t\t\t\t\t\t\t\t<figure class=\"wp-caption\">\n\t\t\t\t\t\t\t\t\t\t\t<a href=\"https:\/\/www.ambifuego.net\/wp-content\/uploads\/2025\/09\/17.SEPT_.25-Catalogo-AMBIFUEGO-2025-Copy_compressed-1-comprimido-1.pdf\" target=\"_blank\">\n\t\t\t\t\t\t\t<img decoding=\"async\" width=\"380\" height=\"456\" src=\"https:\/\/www.ambifuego.net\/wp-content\/uploads\/2025\/09\/PTDA-WEB_11zon_11zon.webp\" class=\"attachment-large size-large wp-image-78390\" alt=\"ptda catalogo general 25-26\" \/>\t\t\t\t\t\t\t\t<\/a>\n\t\t\t\t\t\t\t\t\t\t\t<figcaption class=\"widget-image-caption wp-caption-text\">AMBIFUEGO- Broschure<\/figcaption>\n\t\t\t\t\t\t\t\t\t\t<\/figure>\n\t\t\t\t\t\t\t\t\t<\/div>\n\t\t\t\t<\/div>\n\t\t\t\t<\/div>\n\t\t<div class=\"elementor-element elementor-element-beaf951 e-con-full e-flex e-con e-child\" data-id=\"beaf951\" data-element_type=\"container\" data-e-type=\"container\">\n\t\t\t\t<div class=\"elementor-element elementor-element-aeed3d2 elementor-widget elementor-widget-image\" data-id=\"aeed3d2\" data-element_type=\"widget\" data-e-type=\"widget\" data-widget_type=\"image.default\">\n\t\t\t\t<div class=\"elementor-widget-container\">\n\t\t\t\t\t\t\t\t\t\t\t\t<figure class=\"wp-caption\">\n\t\t\t\t\t\t\t\t\t\t\t<a href=\"https:\/\/www.ambifuego.net\/wp-content\/uploads\/2025\/10\/250724-Brochure-DRU-chimeneas-de-gas-ES-993456_compressed-comprimido.pdf\" target=\"_blank\">\n\t\t\t\t\t\t\t<img decoding=\"async\" width=\"380\" height=\"456\" src=\"https:\/\/www.ambifuego.net\/wp-content\/uploads\/2025\/10\/PTDA-DRU-chimeneas-de-gas-2025-ES_11zon_11zon.webp\" class=\"attachment-large size-large wp-image-80513\" alt=\"ptda chimeneas gas Dru 2025\" \/>\t\t\t\t\t\t\t\t<\/a>\n\t\t\t\t\t\t\t\t\t\t\t<figcaption class=\"widget-image-caption wp-caption-text\">GASKAMIN- DRU<\/figcaption>\n\t\t\t\t\t\t\t\t\t\t<\/figure>\n\t\t\t\t\t\t\t\t\t<\/div>\n\t\t\t\t<\/div>\n\t\t\t\t<\/div>\n\t\t\t\t<\/div>\n\t\t<div class=\"elementor-element elementor-element-1caf836 e-con-full e-flex e-con e-child\" data-id=\"1caf836\" data-element_type=\"container\" data-e-type=\"container\">\n\t\t<div class=\"elementor-element elementor-element-4e68b03 e-con-full e-flex e-con e-child\" data-id=\"4e68b03\" data-element_type=\"container\" data-e-type=\"container\">\n\t\t\t\t<div class=\"elementor-element elementor-element-c2d70b4 elementor-widget elementor-widget-image\" data-id=\"c2d70b4\" data-element_type=\"widget\" data-e-type=\"widget\" data-widget_type=\"image.default\">\n\t\t\t\t<div class=\"elementor-widget-container\">\n\t\t\t\t\t\t\t\t\t\t\t\t<figure class=\"wp-caption\">\n\t\t\t\t\t\t\t\t\t\t\t<a href=\"https:\/\/www.ambifuego.net\/wp-content\/uploads\/2025\/10\/250901-Brochure-DRU-Virtuo-ES-993675.pdf\" target=\"_blank\">\n\t\t\t\t\t\t\t<img loading=\"lazy\" decoding=\"async\" width=\"380\" height=\"456\" src=\"https:\/\/www.ambifuego.net\/wp-content\/uploads\/2025\/10\/2025-Brochure-DRU-Virtuo-ES_11zon_11zon.webp\" class=\"attachment-large size-large wp-image-80497\" alt=\"ptda virtuo electrico dru\" \/>\t\t\t\t\t\t\t\t<\/a>\n\t\t\t\t\t\t\t\t\t\t\t<figcaption class=\"widget-image-caption wp-caption-text\">VIRTUO - ELEKTROKAMIN<\/figcaption>\n\t\t\t\t\t\t\t\t\t\t<\/figure>\n\t\t\t\t\t\t\t\t\t<\/div>\n\t\t\t\t<\/div>\n\t\t\t\t<\/div>\n\t\t<div class=\"elementor-element elementor-element-2a25e92 e-con-full e-flex e-con e-child\" data-id=\"2a25e92\" data-element_type=\"container\" data-e-type=\"container\">\n\t\t\t\t<div class=\"elementor-element elementor-element-dc594b4 elementor-widget elementor-widget-image\" data-id=\"dc594b4\" data-element_type=\"widget\" data-e-type=\"widget\" data-widget_type=\"image.default\">\n\t\t\t\t<div class=\"elementor-widget-container\">\n\t\t\t\t\t\t\t\t\t\t\t\t<figure class=\"wp-caption\">\n\t\t\t\t\t\t\t\t\t\t\t<a href=\"https:\/\/www.ambifuego.net\/wp-content\/uploads\/2022\/05\/ESPANOL-DRU-2022_compressed-1.pdf\" target=\"_blank\">\n\t\t\t\t\t\t\t<img loading=\"lazy\" decoding=\"async\" width=\"380\" height=\"456\" src=\"https:\/\/www.ambifuego.net\/wp-content\/uploads\/2025\/11\/bioetanol-25_11zon_11zon.webp\" class=\"attachment-large size-large wp-image-81185\" alt=\"ptda catalogo bioetanol 2025\" \/>\t\t\t\t\t\t\t\t<\/a>\n\t\t\t\t\t\t\t\t\t\t\t<figcaption class=\"widget-image-caption wp-caption-text\">BIOETHANOL KAMINE<\/figcaption>\n\t\t\t\t\t\t\t\t\t\t<\/figure>\n\t\t\t\t\t\t\t\t\t<\/div>\n\t\t\t\t<\/div>\n\t\t\t\t<\/div>\n\t\t<div class=\"elementor-element elementor-element-ba987c8 e-con-full e-flex e-con e-child\" data-id=\"ba987c8\" data-element_type=\"container\" data-e-type=\"container\">\n\t\t\t\t<div class=\"elementor-element elementor-element-c664a78 elementor-widget elementor-widget-image\" data-id=\"c664a78\" data-element_type=\"widget\" data-e-type=\"widget\" data-widget_type=\"image.default\">\n\t\t\t\t<div class=\"elementor-widget-container\">\n\t\t\t\t\t\t\t\t\t\t\t\t<figure class=\"wp-caption\">\n\t\t\t\t\t\t\t\t\t\t\t<a href=\"https:\/\/www.ambifuego.net\/wp-content\/uploads\/2023\/10\/22-23-dik-geurts-comp.pdf\">\n\t\t\t\t\t\t\t<img loading=\"lazy\" decoding=\"async\" width=\"380\" height=\"456\" src=\"https:\/\/www.ambifuego.net\/wp-content\/uploads\/2023\/10\/ptda-22-23-dik-geurts_optimized.jpg\" class=\"attachment-large size-large wp-image-66143\" alt=\"ptda dick geurts le\u00f1a\" srcset=\"https:\/\/www.ambifuego.net\/wp-content\/uploads\/2023\/10\/ptda-22-23-dik-geurts_optimized.jpg 380w, https:\/\/www.ambifuego.net\/wp-content\/uploads\/2023\/10\/ptda-22-23-dik-geurts_optimized-225x270.jpg 225w, https:\/\/www.ambifuego.net\/wp-content\/uploads\/2023\/10\/ptda-22-23-dik-geurts_optimized-366x439.jpg 366w\" sizes=\"(max-width: 380px) 100vw, 380px\" \/>\t\t\t\t\t\t\t\t<\/a>\n\t\t\t\t\t\t\t\t\t\t\t<figcaption class=\"widget-image-caption wp-caption-text\">HOLZ\u00d6FEN<\/figcaption>\n\t\t\t\t\t\t\t\t\t\t<\/figure>\n\t\t\t\t\t\t\t\t\t<\/div>\n\t\t\t\t<\/div>\n\t\t\t\t<\/div>\n\t\t\t\t<\/div>\n\t\t<div class=\"elementor-element elementor-element-2662134 e-con-full e-flex e-con e-child\" data-id=\"2662134\" data-element_type=\"container\" data-e-type=\"container\">\n\t\t<div class=\"elementor-element elementor-element-fd742fc e-con-full e-flex e-con e-child\" data-id=\"fd742fc\" data-element_type=\"container\" data-e-type=\"container\">\n\t\t\t\t<div class=\"elementor-element elementor-element-262c293 elementor-widget elementor-widget-image\" data-id=\"262c293\" data-element_type=\"widget\" data-e-type=\"widget\" data-widget_type=\"image.default\">\n\t\t\t\t<div class=\"elementor-widget-container\">\n\t\t\t\t\t\t\t\t\t\t\t\t<figure class=\"wp-caption\">\n\t\t\t\t\t\t\t\t\t\t\t<a href=\"https:\/\/www.ambifuego.net\/wp-content\/uploads\/2022\/04\/TEPOR_catalogo-tecnico_2021_CORRETTO.pdf\" target=\"_blank\">\n\t\t\t\t\t\t\t<img loading=\"lazy\" decoding=\"async\" width=\"380\" height=\"456\" src=\"https:\/\/www.ambifuego.net\/wp-content\/uploads\/2022\/05\/ptda-tepor-catalogo-2022.jpg\" class=\"attachment-large size-large wp-image-51608\" alt=\"ptda catalogo tepor pellets\" srcset=\"https:\/\/www.ambifuego.net\/wp-content\/uploads\/2022\/05\/ptda-tepor-catalogo-2022.jpg 380w, https:\/\/www.ambifuego.net\/wp-content\/uploads\/2022\/05\/ptda-tepor-catalogo-2022-225x270.jpg 225w, https:\/\/www.ambifuego.net\/wp-content\/uploads\/2022\/05\/ptda-tepor-catalogo-2022-366x439.jpg 366w\" sizes=\"(max-width: 380px) 100vw, 380px\" \/>\t\t\t\t\t\t\t\t<\/a>\n\t\t\t\t\t\t\t\t\t\t\t<figcaption class=\"widget-image-caption wp-caption-text\">PELLET \u00d6FEN<\/figcaption>\n\t\t\t\t\t\t\t\t\t\t<\/figure>\n\t\t\t\t\t\t\t\t\t<\/div>\n\t\t\t\t<\/div>\n\t\t\t\t<\/div>\n\t\t<div class=\"elementor-element elementor-element-4fa4a2f e-con-full e-flex e-con e-child\" data-id=\"4fa4a2f\" data-element_type=\"container\" data-e-type=\"container\">\n\t\t\t\t<div class=\"elementor-element elementor-element-762aa2c elementor-widget elementor-widget-image\" data-id=\"762aa2c\" data-element_type=\"widget\" data-e-type=\"widget\" data-widget_type=\"image.default\">\n\t\t\t\t<div class=\"elementor-widget-container\">\n\t\t\t\t\t\t\t\t\t\t\t\t<figure class=\"wp-caption\">\n\t\t\t\t\t\t\t\t\t\t\t<a href=\"https:\/\/www.ambifuego.net\/wp-content\/uploads\/2022\/03\/2022-esse-ironheart-range-brochure_compressed.pdf\" target=\"_blank\">\n\t\t\t\t\t\t\t<img loading=\"lazy\" decoding=\"async\" width=\"380\" height=\"456\" src=\"https:\/\/www.ambifuego.net\/wp-content\/uploads\/2022\/03\/2022-esse-ironheart-range-brochure_compressed-1_optimized.jpg\" class=\"attachment-large size-large wp-image-50492\" alt=\"catalogo- Mejores Cocinas R\u00fasticas gran-calidad le\u00f1a ironhearth - wood burning multifuel range-cooke\" srcset=\"https:\/\/www.ambifuego.net\/wp-content\/uploads\/2022\/03\/2022-esse-ironheart-range-brochure_compressed-1_optimized.jpg 380w, https:\/\/www.ambifuego.net\/wp-content\/uploads\/2022\/03\/2022-esse-ironheart-range-brochure_compressed-1_optimized-225x270.jpg 225w, https:\/\/www.ambifuego.net\/wp-content\/uploads\/2022\/03\/2022-esse-ironheart-range-brochure_compressed-1_optimized-366x439.jpg 366w\" sizes=\"(max-width: 380px) 100vw, 380px\" \/>\t\t\t\t\t\t\t\t<\/a>\n\t\t\t\t\t\t\t\t\t\t\t<figcaption class=\"widget-image-caption wp-caption-text\">Guseisen - Holz -<\/figcaption>\n\t\t\t\t\t\t\t\t\t\t<\/figure>\n\t\t\t\t\t\t\t\t\t<\/div>\n\t\t\t\t<\/div>\n\t\t\t\t<\/div>\n\t\t<div class=\"elementor-element elementor-element-56a3efb e-con-full e-flex e-con e-child\" data-id=\"56a3efb\" data-element_type=\"container\" data-e-type=\"container\">\n\t\t\t\t<div class=\"elementor-element elementor-element-09d314b elementor-widget elementor-widget-image\" data-id=\"09d314b\" data-element_type=\"widget\" data-e-type=\"widget\" data-widget_type=\"image.default\">\n\t\t\t\t<div class=\"elementor-widget-container\">\n\t\t\t\t\t\t\t\t\t\t\t\t<figure class=\"wp-caption\">\n\t\t\t\t\t\t\t\t\t\t\t<a href=\"https:\/\/www.ambifuego.net\/wp-content\/uploads\/2022\/05\/DRU-ALEMAN.22_compressed.pdf\">\n\t\t\t\t\t\t\t<img loading=\"lazy\" decoding=\"async\" width=\"380\" height=\"456\" src=\"https:\/\/www.ambifuego.net\/wp-content\/uploads\/2022\/05\/ptda-dru-aleman22.jpg\" class=\"attachment-large size-large wp-image-53064\" alt=\"\" srcset=\"https:\/\/www.ambifuego.net\/wp-content\/uploads\/2022\/05\/ptda-dru-aleman22.jpg 380w, https:\/\/www.ambifuego.net\/wp-content\/uploads\/2022\/05\/ptda-dru-aleman22-225x270.jpg 225w, https:\/\/www.ambifuego.net\/wp-content\/uploads\/2022\/05\/ptda-dru-aleman22-366x439.jpg 366w\" sizes=\"(max-width: 380px) 100vw, 380px\" \/>\t\t\t\t\t\t\t\t<\/a>\n\t\t\t\t\t\t\t\t\t\t\t<figcaption class=\"widget-image-caption wp-caption-text\">GASKAMINE - DRU FIRES<\/figcaption>\n\t\t\t\t\t\t\t\t\t\t<\/figure>\n\t\t\t\t\t\t\t\t\t<\/div>\n\t\t\t\t<\/div>\n\t\t\t\t<\/div>\n\t\t\t\t<\/div>\n\t\t<div class=\"elementor-element elementor-element-8444213 e-con-full e-flex e-con e-child\" data-id=\"8444213\" data-element_type=\"container\" data-e-type=\"container\">\n\t\t<div class=\"elementor-element elementor-element-dbdeff6 e-con-full e-flex e-con e-child\" data-id=\"dbdeff6\" data-element_type=\"container\" data-e-type=\"container\">\n\t\t\t\t<div class=\"elementor-element elementor-element-a185e1f elementor-widget elementor-widget-image\" data-id=\"a185e1f\" data-element_type=\"widget\" data-e-type=\"widget\" data-widget_type=\"image.default\">\n\t\t\t\t<div class=\"elementor-widget-container\">\n\t\t\t\t\t\t\t\t\t\t\t\t<figure class=\"wp-caption\">\n\t\t\t\t\t\t\t\t\t\t\t<a href=\"https:\/\/www.ambifuego.net\/wp-content\/uploads\/2024\/05\/Hajduk-Estufas-Catalogo-ES_compressed.pdf\" target=\"_blank\">\n\t\t\t\t\t\t\t<img loading=\"lazy\" decoding=\"async\" width=\"425\" height=\"510\" src=\"https:\/\/www.ambifuego.net\/wp-content\/uploads\/2024\/05\/hajduk-estufas-catalogo-es-425x510-ptda-web-catalogo_29-05-24jpg_optimized.jpg\" class=\"attachment-large size-large wp-image-73413\" alt=\"catalogo estufas le\u00f1a moderna Hajduk\" srcset=\"https:\/\/www.ambifuego.net\/wp-content\/uploads\/2024\/05\/hajduk-estufas-catalogo-es-425x510-ptda-web-catalogo_29-05-24jpg_optimized.jpg 425w, https:\/\/www.ambifuego.net\/wp-content\/uploads\/2024\/05\/hajduk-estufas-catalogo-es-425x510-ptda-web-catalogo_29-05-24jpg_optimized-400x480.jpg 400w, https:\/\/www.ambifuego.net\/wp-content\/uploads\/2024\/05\/hajduk-estufas-catalogo-es-425x510-ptda-web-catalogo_29-05-24jpg_optimized-225x270.jpg 225w, https:\/\/www.ambifuego.net\/wp-content\/uploads\/2024\/05\/hajduk-estufas-catalogo-es-425x510-ptda-web-catalogo_29-05-24jpg_optimized-366x439.jpg 366w\" sizes=\"(max-width: 425px) 100vw, 425px\" \/>\t\t\t\t\t\t\t\t<\/a>\n\t\t\t\t\t\t\t\t\t\t\t<figcaption class=\"widget-image-caption wp-caption-text\">HOLZ -\u00d6FEN<\/figcaption>\n\t\t\t\t\t\t\t\t\t\t<\/figure>\n\t\t\t\t\t\t\t\t\t<\/div>\n\t\t\t\t<\/div>\n\t\t\t\t<\/div>\n\t\t<div class=\"elementor-element elementor-element-54e5e48 e-con-full e-flex e-con e-child\" data-id=\"54e5e48\" data-element_type=\"container\" data-e-type=\"container\">\n\t\t\t\t<div class=\"elementor-element elementor-element-a2d8c29 elementor-widget elementor-widget-image\" data-id=\"a2d8c29\" data-element_type=\"widget\" data-e-type=\"widget\" data-widget_type=\"image.default\">\n\t\t\t\t<div class=\"elementor-widget-container\">\n\t\t\t\t\t\t\t\t\t\t\t\t<figure class=\"wp-caption\">\n\t\t\t\t\t\t\t\t\t\t\t<a href=\"https:\/\/www.ambifuego.net\/wp-content\/uploads\/2025\/11\/20252-2026-Flamerite-EFX-y-E-Ridium-Holograma.pdf\" target=\"_blank\">\n\t\t\t\t\t\t\t<img loading=\"lazy\" decoding=\"async\" width=\"380\" height=\"456\" src=\"https:\/\/www.ambifuego.net\/wp-content\/uploads\/2025\/11\/20252-2026-Flamerite-EFX-y-E-Ridium-Holograma-1_11zon_11zon.webp\" class=\"attachment-large size-large wp-image-81199\" alt=\"catalogo electricas efx flamerite\" \/>\t\t\t\t\t\t\t\t<\/a>\n\t\t\t\t\t\t\t\t\t\t\t<figcaption class=\"widget-image-caption wp-caption-text\">ELEKTROKAMINE<\/figcaption>\n\t\t\t\t\t\t\t\t\t\t<\/figure>\n\t\t\t\t\t\t\t\t\t<\/div>\n\t\t\t\t<\/div>\n\t\t\t\t<\/div>\n\t\t<div class=\"elementor-element elementor-element-0701d74 e-con-full e-flex e-con e-child\" data-id=\"0701d74\" data-element_type=\"container\" data-e-type=\"container\">\n\t\t\t\t<div class=\"elementor-element elementor-element-1f2189d elementor-widget elementor-widget-image\" data-id=\"1f2189d\" data-element_type=\"widget\" data-e-type=\"widget\" data-widget_type=\"image.default\">\n\t\t\t\t<div class=\"elementor-widget-container\">\n\t\t\t\t\t\t\t\t\t\t\t\t<figure class=\"wp-caption\">\n\t\t\t\t\t\t\t\t\t\t\t<a href=\"https:\/\/www.ambifuego.net\/wp-content\/uploads\/2021\/05\/EVONIC-2021.pdf\">\n\t\t\t\t\t\t\t<img loading=\"lazy\" decoding=\"async\" width=\"424\" height=\"505\" src=\"https:\/\/www.ambifuego.net\/wp-content\/uploads\/2023\/10\/ptda-evonic-21_optimized.jpg\" class=\"attachment-large size-large wp-image-66283\" alt=\"ptda evonic chimeneas electricas\" srcset=\"https:\/\/www.ambifuego.net\/wp-content\/uploads\/2023\/10\/ptda-evonic-21_optimized.jpg 424w, https:\/\/www.ambifuego.net\/wp-content\/uploads\/2023\/10\/ptda-evonic-21_optimized-403x480.jpg 403w, https:\/\/www.ambifuego.net\/wp-content\/uploads\/2023\/10\/ptda-evonic-21_optimized-227x270.jpg 227w, https:\/\/www.ambifuego.net\/wp-content\/uploads\/2023\/10\/ptda-evonic-21_optimized-369x439.jpg 369w\" sizes=\"(max-width: 424px) 100vw, 424px\" \/>\t\t\t\t\t\t\t\t<\/a>\n\t\t\t\t\t\t\t\t\t\t\t<figcaption class=\"widget-image-caption wp-caption-text\">ELEKTROKAMINE<\/figcaption>\n\t\t\t\t\t\t\t\t\t\t<\/figure>\n\t\t\t\t\t\t\t\t\t<\/div>\n\t\t\t\t<\/div>\n\t\t\t\t<\/div>\n\t\t\t\t<\/div>\n\t\t<div class=\"elementor-element elementor-element-2485adb e-con-full e-flex e-con e-child\" data-id=\"2485adb\" data-element_type=\"container\" data-e-type=\"container\">\n\t\t<div class=\"elementor-element elementor-element-e541392 e-con-full e-flex e-con e-child\" data-id=\"e541392\" data-element_type=\"container\" data-e-type=\"container\">\n\t\t\t\t<div class=\"elementor-element elementor-element-210070b elementor-widget elementor-widget-image\" data-id=\"210070b\" data-element_type=\"widget\" data-e-type=\"widget\" data-widget_type=\"image.default\">\n\t\t\t\t<div class=\"elementor-widget-container\">\n\t\t\t\t\t\t\t\t\t\t\t\t<figure class=\"wp-caption\">\n\t\t\t\t\t\t\t\t\t\t\t<a href=\"https:\/\/www.ambifuego.net\/wp-content\/uploads\/2021\/12\/Thorma-Exclusive_compressed.pdf\">\n\t\t\t\t\t\t\t<img loading=\"lazy\" decoding=\"async\" width=\"380\" height=\"316\" src=\"https:\/\/www.ambifuego.net\/wp-content\/uploads\/2021\/12\/thorma_optimized.png\" class=\"attachment-large size-large wp-image-47676\" alt=\"ptda thorma holz\u00f6fen\" srcset=\"https:\/\/www.ambifuego.net\/wp-content\/uploads\/2021\/12\/thorma_optimized.png 380w, https:\/\/www.ambifuego.net\/wp-content\/uploads\/2021\/12\/thorma_optimized-325x270.png 325w\" sizes=\"(max-width: 380px) 100vw, 380px\" \/>\t\t\t\t\t\t\t\t<\/a>\n\t\t\t\t\t\t\t\t\t\t\t<figcaption class=\"widget-image-caption wp-caption-text\">HOLZ\u00d6FEN<\/figcaption>\n\t\t\t\t\t\t\t\t\t\t<\/figure>\n\t\t\t\t\t\t\t\t\t<\/div>\n\t\t\t\t<\/div>\n\t\t\t\t<\/div>\n\t\t<div class=\"elementor-element elementor-element-cd956db e-con-full e-flex e-con e-child\" data-id=\"cd956db\" data-element_type=\"container\" data-e-type=\"container\">\n\t\t\t\t<div class=\"elementor-element elementor-element-8116e8e elementor-widget elementor-widget-image\" data-id=\"8116e8e\" data-element_type=\"widget\" data-e-type=\"widget\" data-widget_type=\"image.default\">\n\t\t\t\t<div class=\"elementor-widget-container\">\n\t\t\t\t\t\t\t\t\t\t\t\t<figure class=\"wp-caption\">\n\t\t\t\t\t\t\t\t\t\t\t<a href=\"https:\/\/www.ambifuego.net\/wp-content\/uploads\/2021\/05\/DRU-wood-and-multi-fuel-stoves-EN-DU-.pdf\" target=\"_blank\">\n\t\t\t\t\t\t\t<img loading=\"lazy\" decoding=\"async\" width=\"380\" height=\"316\" src=\"https:\/\/www.ambifuego.net\/wp-content\/uploads\/2021\/12\/ptda-dru-estufa-lena_optimized.jpg\" class=\"attachment-large size-large wp-image-48308\" alt=\"\" srcset=\"https:\/\/www.ambifuego.net\/wp-content\/uploads\/2021\/12\/ptda-dru-estufa-lena_optimized.jpg 380w, https:\/\/www.ambifuego.net\/wp-content\/uploads\/2021\/12\/ptda-dru-estufa-lena_optimized-325x270.jpg 325w\" sizes=\"(max-width: 380px) 100vw, 380px\" \/>\t\t\t\t\t\t\t\t<\/a>\n\t\t\t\t\t\t\t\t\t\t\t<figcaption class=\"widget-image-caption wp-caption-text\">MULTIFUEL - HOLZ\u00d6FEN<\/figcaption>\n\t\t\t\t\t\t\t\t\t\t<\/figure>\n\t\t\t\t\t\t\t\t\t<\/div>\n\t\t\t\t<\/div>\n\t\t\t\t<\/div>\n\t\t<div class=\"elementor-element elementor-element-defacd4 e-con-full e-flex e-con e-child\" data-id=\"defacd4\" data-element_type=\"container\" data-e-type=\"container\">\n\t\t\t\t<div class=\"elementor-element elementor-element-6f23bf2 elementor-widget elementor-widget-image\" data-id=\"6f23bf2\" data-element_type=\"widget\" data-e-type=\"widget\" data-widget_type=\"image.default\">\n\t\t\t\t<div class=\"elementor-widget-container\">\n\t\t\t\t\t\t\t\t\t\t\t\t<figure class=\"wp-caption\">\n\t\t\t\t\t\t\t\t\t\t\t<a href=\"https:\/\/www.ambifuego.net\/wp-content\/uploads\/2022\/03\/garden-stove-instructions_compressed.pdf\">\n\t\t\t\t\t\t\t<img loading=\"lazy\" decoding=\"async\" width=\"317\" height=\"380\" src=\"https:\/\/www.ambifuego.net\/wp-content\/uploads\/2022\/03\/portada-cocinas-garden-jardin_optimized.jpg\" class=\"attachment-large size-large wp-image-50077\" alt=\"\" srcset=\"https:\/\/www.ambifuego.net\/wp-content\/uploads\/2022\/03\/portada-cocinas-garden-jardin_optimized.jpg 317w, https:\/\/www.ambifuego.net\/wp-content\/uploads\/2022\/03\/portada-cocinas-garden-jardin_optimized-225x270.jpg 225w\" sizes=\"(max-width: 317px) 100vw, 317px\" \/>\t\t\t\t\t\t\t\t<\/a>\n\t\t\t\t\t\t\t\t\t\t\t<figcaption class=\"widget-image-caption wp-caption-text\">GARDEN BBQ-KAMIN<\/figcaption>\n\t\t\t\t\t\t\t\t\t\t<\/figure>\n\t\t\t\t\t\t\t\t\t<\/div>\n\t\t\t\t<\/div>\n\t\t\t\t<\/div>\n\t\t\t\t<\/div>\n\t\t<div class=\"elementor-element elementor-element-015b578 e-con-full e-flex e-con e-child\" data-id=\"015b578\" data-element_type=\"container\" data-e-type=\"container\">\n\t\t<div class=\"elementor-element elementor-element-224feca e-con-full e-flex e-con e-child\" data-id=\"224feca\" data-element_type=\"container\" data-e-type=\"container\">\n\t\t\t\t<\/div>\n\t\t<div class=\"elementor-element elementor-element-dd740ae e-con-full e-flex e-con e-child\" data-id=\"dd740ae\" data-element_type=\"container\" data-e-type=\"container\">\n\t\t\t\t<\/div>\n\t\t<div class=\"elementor-element elementor-element-30fc63d e-con-full e-flex e-con e-child\" data-id=\"30fc63d\" data-element_type=\"container\" data-e-type=\"container\">\n\t\t\t\t<\/div>\n\t\t\t\t<\/div>\n\t\t<div class=\"elementor-element elementor-element-1f025d3 e-con-full e-flex e-con e-child\" data-id=\"1f025d3\" data-element_type=\"container\" data-e-type=\"container\">\n\t\t<div class=\"elementor-element elementor-element-68f8c15 e-con-full e-flex e-con e-child\" data-id=\"68f8c15\" data-element_type=\"container\" data-e-type=\"container\">\n\t\t\t\t<\/div>\n\t\t<div class=\"elementor-element elementor-element-7c92b65 e-con-full e-flex e-con e-child\" data-id=\"7c92b65\" data-element_type=\"container\" data-e-type=\"container\">\n\t\t\t\t<\/div>\n\t\t<div class=\"elementor-element elementor-element-c4bd316 e-con-full e-flex e-con e-child\" data-id=\"c4bd316\" data-element_type=\"container\" data-e-type=\"container\">\n\t\t\t\t<\/div>\n\t\t\t\t<\/div>\n\t\t\t\t\t<\/div>\n\t\t\t\t<\/div>\n\t\t\t\t<\/div>\n\t\t","protected":false},"excerpt":{"rendered":"<p>GAS GRILL AMBIFUEGO- Broschure GASKAMIN- DRU VIRTUO &#8211; ELEKTROKAMIN BIOETHANOL KAMINE HOLZ\u00d6FEN PELLET \u00d6FEN Guseisen &#8211; Holz &#8211; GASKAMINE &#8211; DRU FIRES HOLZ -\u00d6FEN ELEKTROKAMINE ELEKTROKAMINE HOLZ\u00d6FEN MULTIFUEL &#8211; HOLZ\u00d6FEN GARDEN BBQ-KAMIN<\/p>\n","protected":false},"author":1,"featured_media":0,"parent":0,"menu_order":0,"comment_status":"closed","ping_status":"closed","template":"","meta":{"footnotes":""},"class_list":["post-17172","page","type-page","status-publish","hentry"],"_links":{"self":[{"href":"https:\/\/www.ambifuego.net\/de\/wp-json\/wp\/v2\/pages\/17172","targetHints":{"allow":["GET"]}}],"collection":[{"href":"https:\/\/www.ambifuego.net\/de\/wp-json\/wp\/v2\/pages"}],"about":[{"href":"https:\/\/www.ambifuego.net\/de\/wp-json\/wp\/v2\/types\/page"}],"author":[{"embeddable":true,"href":"https:\/\/www.ambifuego.net\/de\/wp-json\/wp\/v2\/users\/1"}],"replies":[{"embeddable":true,"href":"https:\/\/www.ambifuego.net\/de\/wp-json\/wp\/v2\/comments?post=17172"}],"version-history":[{"count":0,"href":"https:\/\/www.ambifuego.net\/de\/wp-json\/wp\/v2\/pages\/17172\/revisions"}],"wp:attachment":[{"href":"https:\/\/www.ambifuego.net\/de\/wp-json\/wp\/v2\/media?parent=17172"}],"curies":[{"name":"wp","href":"https:\/\/api.w.org\/{rel}","templated":true}]}}